{"id":95435,"date":"2026-03-19T18:19:33","date_gmt":"2026-03-19T16:19:33","guid":{"rendered":"https:\/\/vienosiulo.lt\/?post_type=product&#038;p=95435"},"modified":"2026-03-20T19:30:40","modified_gmt":"2026-03-20T17:30:40","slug":"string-art-diy-instruction-2","status":"publish","type":"product","link":"https:\/\/vienosiulo.lt\/en\/product\/string-art-diy-instruction-2\/","title":{"rendered":"String art DIY instruction"},"content":{"rendered":"","protected":false},"excerpt":{"rendered":"<p>A clear guide to create your string artwork.<\/p>\n<p>(Digital download)<\/p>\n","protected":false},"featured_media":95431,"template":"","meta":[],"product_brand":[],"product_cat":[],"product_tag":[],"class_list":{"0":"post-95435","1":"product","2":"type-product","3":"status-publish","4":"has-post-thumbnail","6":"description-off","8":"first","9":"instock","10":"virtual","11":"purchasable","12":"product-type-simple"},"yoast_head":"<!-- This site is optimized with the Yoast SEO plugin v27.3 - https:\/\/yoast.com\/product\/yoast-seo-wordpress\/ -->\n<title>String art DIY instruction | Vieno Si\u016blo<\/title>\n<meta name=\"robots\" content=\"index, follow, max-snippet:-1, max-image-preview:large, max-video-preview:-1\" \/>\n<link rel=\"canonical\" href=\"https:\/\/vienosiulo.lt\/en\/product\/string-art-diy-instruction-2\/\" \/>\n<meta property=\"og:locale\" content=\"en_US\" \/>\n<meta property=\"og:type\" content=\"article\" \/>\n<meta property=\"og:title\" content=\"String art DIY instruction | Vieno Si\u016blo\" \/>\n<meta property=\"og:description\" content=\"A clear guide to create your string artwork.  (Digital download)\" \/>\n<meta property=\"og:url\" content=\"https:\/\/vienosiulo.lt\/en\/product\/string-art-diy-instruction-2\/\" \/>\n<meta property=\"og:site_name\" content=\"Vieno Si\u016blo\" \/>\n<meta property=\"article:publisher\" content=\"https:\/\/facebook.com\/vieno.siulo\" \/>\n<meta property=\"article:modified_time\" content=\"2026-03-20T17:30:40+00:00\" \/>\n<meta property=\"og:image\" content=\"https:\/\/vienosiulo.lt\/wp-content\/uploads\/2026\/03\/instruction.jpg\" \/>\n\t<meta property=\"og:image:width\" content=\"2460\" \/>\n\t<meta property=\"og:image:height\" content=\"2460\" \/>\n\t<meta property=\"og:image:type\" content=\"image\/jpeg\" \/>\n<meta name=\"twitter:card\" content=\"summary_large_image\" \/>\n<meta name=\"twitter:label1\" content=\"Est. reading time\" \/>\n\t<meta name=\"twitter:data1\" content=\"1 minute\" \/>\n<script type=\"application\/ld+json\" class=\"yoast-schema-graph\">{\"@context\":\"https:\\\/\\\/schema.org\",\"@graph\":[{\"@type\":\"WebPage\",\"@id\":\"https:\\\/\\\/vienosiulo.lt\\\/en\\\/product\\\/string-art-diy-instruction-2\\\/\",\"url\":\"https:\\\/\\\/vienosiulo.lt\\\/en\\\/product\\\/string-art-diy-instruction-2\\\/\",\"name\":\"String art DIY instruction | Vieno Si\u016blo\",\"isPartOf\":{\"@id\":\"https:\\\/\\\/vienosiulo.lt\\\/en\\\/#website\"},\"primaryImageOfPage\":{\"@id\":\"https:\\\/\\\/vienosiulo.lt\\\/en\\\/product\\\/string-art-diy-instruction-2\\\/#primaryimage\"},\"image\":{\"@id\":\"https:\\\/\\\/vienosiulo.lt\\\/en\\\/product\\\/string-art-diy-instruction-2\\\/#primaryimage\"},\"thumbnailUrl\":\"https:\\\/\\\/vienosiulo.lt\\\/wp-content\\\/uploads\\\/2026\\\/03\\\/instruction.jpg\",\"datePublished\":\"2026-03-19T16:19:33+00:00\",\"dateModified\":\"2026-03-20T17:30:40+00:00\",\"breadcrumb\":{\"@id\":\"https:\\\/\\\/vienosiulo.lt\\\/en\\\/product\\\/string-art-diy-instruction-2\\\/#breadcrumb\"},\"inLanguage\":\"en-US\",\"potentialAction\":[{\"@type\":\"ReadAction\",\"target\":[\"https:\\\/\\\/vienosiulo.lt\\\/en\\\/product\\\/string-art-diy-instruction-2\\\/\"]}]},{\"@type\":\"ImageObject\",\"inLanguage\":\"en-US\",\"@id\":\"https:\\\/\\\/vienosiulo.lt\\\/en\\\/product\\\/string-art-diy-instruction-2\\\/#primaryimage\",\"url\":\"https:\\\/\\\/vienosiulo.lt\\\/wp-content\\\/uploads\\\/2026\\\/03\\\/instruction.jpg\",\"contentUrl\":\"https:\\\/\\\/vienosiulo.lt\\\/wp-content\\\/uploads\\\/2026\\\/03\\\/instruction.jpg\",\"width\":2460,\"height\":2460},{\"@type\":\"BreadcrumbList\",\"@id\":\"https:\\\/\\\/vienosiulo.lt\\\/en\\\/product\\\/string-art-diy-instruction-2\\\/#breadcrumb\",\"itemListElement\":[{\"@type\":\"ListItem\",\"position\":1,\"name\":\"Pagrindinis\",\"item\":\"https:\\\/\\\/vienosiulo.lt\\\/en\\\/\"},{\"@type\":\"ListItem\",\"position\":2,\"name\":\"Shop\",\"item\":\"https:\\\/\\\/vienosiulo.lt\\\/en\\\/shop\\\/\"},{\"@type\":\"ListItem\",\"position\":3,\"name\":\"String art DIY instruction\"}]},{\"@type\":\"WebSite\",\"@id\":\"https:\\\/\\\/vienosiulo.lt\\\/en\\\/#website\",\"url\":\"https:\\\/\\\/vienosiulo.lt\\\/en\\\/\",\"name\":\"Vieno Si\u016blo\",\"description\":\"Rank\u0173 darbo paveikslai i\u0161 vieno si\u016blo\",\"publisher\":{\"@id\":\"https:\\\/\\\/vienosiulo.lt\\\/en\\\/#organization\"},\"potentialAction\":[{\"@type\":\"SearchAction\",\"target\":{\"@type\":\"EntryPoint\",\"urlTemplate\":\"https:\\\/\\\/vienosiulo.lt\\\/en\\\/?s={search_term_string}\"},\"query-input\":{\"@type\":\"PropertyValueSpecification\",\"valueRequired\":true,\"valueName\":\"search_term_string\"}}],\"inLanguage\":\"en-US\"},{\"@type\":\"Organization\",\"@id\":\"https:\\\/\\\/vienosiulo.lt\\\/en\\\/#organization\",\"name\":\"Vieno Si\u016blo\",\"url\":\"https:\\\/\\\/vienosiulo.lt\\\/en\\\/\",\"logo\":{\"@type\":\"ImageObject\",\"inLanguage\":\"en-US\",\"@id\":\"https:\\\/\\\/vienosiulo.lt\\\/en\\\/#\\\/schema\\\/logo\\\/image\\\/\",\"url\":\"https:\\\/\\\/vienosiulo.lt\\\/wp-content\\\/uploads\\\/2023\\\/02\\\/Asset-1.svg\",\"contentUrl\":\"https:\\\/\\\/vienosiulo.lt\\\/wp-content\\\/uploads\\\/2023\\\/02\\\/Asset-1.svg\",\"caption\":\"Vieno Si\u016blo\"},\"image\":{\"@id\":\"https:\\\/\\\/vienosiulo.lt\\\/en\\\/#\\\/schema\\\/logo\\\/image\\\/\"},\"sameAs\":[\"https:\\\/\\\/facebook.com\\\/vieno.siulo\"]}]}<\/script>\n<!-- \/ Yoast SEO plugin. -->","yoast_head_json":{"title":"String art DIY instruction | Vieno Si\u016blo","robots":{"index":"index","follow":"follow","max-snippet":"max-snippet:-1","max-image-preview":"max-image-preview:large","max-video-preview":"max-video-preview:-1"},"canonical":"https:\/\/vienosiulo.lt\/en\/product\/string-art-diy-instruction-2\/","og_locale":"en_US","og_type":"article","og_title":"String art DIY instruction | Vieno Si\u016blo","og_description":"A clear guide to create your string artwork.  (Digital download)","og_url":"https:\/\/vienosiulo.lt\/en\/product\/string-art-diy-instruction-2\/","og_site_name":"Vieno Si\u016blo","article_publisher":"https:\/\/facebook.com\/vieno.siulo","article_modified_time":"2026-03-20T17:30:40+00:00","og_image":[{"width":2460,"height":2460,"url":"https:\/\/vienosiulo.lt\/wp-content\/uploads\/2026\/03\/instruction.jpg","type":"image\/jpeg"}],"twitter_card":"summary_large_image","twitter_misc":{"Est. reading time":"1 minute"},"schema":{"@context":"https:\/\/schema.org","@graph":[{"@type":"WebPage","@id":"https:\/\/vienosiulo.lt\/en\/product\/string-art-diy-instruction-2\/","url":"https:\/\/vienosiulo.lt\/en\/product\/string-art-diy-instruction-2\/","name":"String art DIY instruction | Vieno Si\u016blo","isPartOf":{"@id":"https:\/\/vienosiulo.lt\/en\/#website"},"primaryImageOfPage":{"@id":"https:\/\/vienosiulo.lt\/en\/product\/string-art-diy-instruction-2\/#primaryimage"},"image":{"@id":"https:\/\/vienosiulo.lt\/en\/product\/string-art-diy-instruction-2\/#primaryimage"},"thumbnailUrl":"https:\/\/vienosiulo.lt\/wp-content\/uploads\/2026\/03\/instruction.jpg","datePublished":"2026-03-19T16:19:33+00:00","dateModified":"2026-03-20T17:30:40+00:00","breadcrumb":{"@id":"https:\/\/vienosiulo.lt\/en\/product\/string-art-diy-instruction-2\/#breadcrumb"},"inLanguage":"en-US","potentialAction":[{"@type":"ReadAction","target":["https:\/\/vienosiulo.lt\/en\/product\/string-art-diy-instruction-2\/"]}]},{"@type":"ImageObject","inLanguage":"en-US","@id":"https:\/\/vienosiulo.lt\/en\/product\/string-art-diy-instruction-2\/#primaryimage","url":"https:\/\/vienosiulo.lt\/wp-content\/uploads\/2026\/03\/instruction.jpg","contentUrl":"https:\/\/vienosiulo.lt\/wp-content\/uploads\/2026\/03\/instruction.jpg","width":2460,"height":2460},{"@type":"BreadcrumbList","@id":"https:\/\/vienosiulo.lt\/en\/product\/string-art-diy-instruction-2\/#breadcrumb","itemListElement":[{"@type":"ListItem","position":1,"name":"Pagrindinis","item":"https:\/\/vienosiulo.lt\/en\/"},{"@type":"ListItem","position":2,"name":"Shop","item":"https:\/\/vienosiulo.lt\/en\/shop\/"},{"@type":"ListItem","position":3,"name":"String art DIY instruction"}]},{"@type":"WebSite","@id":"https:\/\/vienosiulo.lt\/en\/#website","url":"https:\/\/vienosiulo.lt\/en\/","name":"Vieno Si\u016blo","description":"Rank\u0173 darbo paveikslai i\u0161 vieno si\u016blo","publisher":{"@id":"https:\/\/vienosiulo.lt\/en\/#organization"},"potentialAction":[{"@type":"SearchAction","target":{"@type":"EntryPoint","urlTemplate":"https:\/\/vienosiulo.lt\/en\/?s={search_term_string}"},"query-input":{"@type":"PropertyValueSpecification","valueRequired":true,"valueName":"search_term_string"}}],"inLanguage":"en-US"},{"@type":"Organization","@id":"https:\/\/vienosiulo.lt\/en\/#organization","name":"Vieno Si\u016blo","url":"https:\/\/vienosiulo.lt\/en\/","logo":{"@type":"ImageObject","inLanguage":"en-US","@id":"https:\/\/vienosiulo.lt\/en\/#\/schema\/logo\/image\/","url":"https:\/\/vienosiulo.lt\/wp-content\/uploads\/2023\/02\/Asset-1.svg","contentUrl":"https:\/\/vienosiulo.lt\/wp-content\/uploads\/2023\/02\/Asset-1.svg","caption":"Vieno Si\u016blo"},"image":{"@id":"https:\/\/vienosiulo.lt\/en\/#\/schema\/logo\/image\/"},"sameAs":["https:\/\/facebook.com\/vieno.siulo"]}]}},"_links":{"self":[{"href":"https:\/\/vienosiulo.lt\/en\/wp-json\/wp\/v2\/product\/95435","targetHints":{"allow":["GET"]}}],"collection":[{"href":"https:\/\/vienosiulo.lt\/en\/wp-json\/wp\/v2\/product"}],"about":[{"href":"https:\/\/vienosiulo.lt\/en\/wp-json\/wp\/v2\/types\/product"}],"version-history":[{"count":1,"href":"https:\/\/vienosiulo.lt\/en\/wp-json\/wp\/v2\/product\/95435\/revisions"}],"predecessor-version":[{"id":95436,"href":"https:\/\/vienosiulo.lt\/en\/wp-json\/wp\/v2\/product\/95435\/revisions\/95436"}],"wp:featuredmedia":[{"embeddable":true,"href":"https:\/\/vienosiulo.lt\/en\/wp-json\/wp\/v2\/media\/95431"}],"wp:attachment":[{"href":"https:\/\/vienosiulo.lt\/en\/wp-json\/wp\/v2\/media?parent=95435"}],"wp:term":[{"taxonomy":"product_brand","embeddable":true,"href":"https:\/\/vienosiulo.lt\/en\/wp-json\/wp\/v2\/product_brand?post=95435"},{"taxonomy":"product_cat","embeddable":true,"href":"https:\/\/vienosiulo.lt\/en\/wp-json\/wp\/v2\/product_cat?post=95435"},{"taxonomy":"product_tag","embeddable":true,"href":"https:\/\/vienosiulo.lt\/en\/wp-json\/wp\/v2\/product_tag?post=95435"}],"curies":[{"name":"wp","href":"https:\/\/api.w.org\/{rel}","templated":true}]}}