{"id":95361,"date":"2026-01-26T00:04:18","date_gmt":"2026-01-25T22:04:18","guid":{"rendered":"https:\/\/vienosiulo.lt\/?post_type=product&#038;p=95361"},"modified":"2026-02-02T14:23:44","modified_gmt":"2026-02-02T12:23:44","slug":"custom-string-art-kopija-2","status":"publish","type":"product","link":"https:\/\/vienosiulo.lt\/en\/product\/custom-string-art-kopija-2\/","title":{"rendered":"Custom string art (Kopija)"},"content":{"rendered":"\t\t<div data-elementor-type=\"product-post\" data-elementor-id=\"95361\" class=\"elementor elementor-95361\" data-elementor-post-type=\"product\">\n\t\t\t\t\t\t<section class=\"elementor-section elementor-top-section elementor-element elementor-element-daa5b80 elementor-section-boxed elementor-section-height-default elementor-section-height-default\" data-id=\"daa5b80\" data-element_type=\"section\" data-e-type=\"section\">\n\t\t\t\t\t\t<div class=\"elementor-container elementor-column-gap-default\">\n\t\t\t\t\t<div class=\"elementor-column elementor-col-100 elementor-top-column elementor-element elementor-element-52a2a0f\" data-id=\"52a2a0f\" data-element_type=\"column\" data-e-type=\"column\">\n\t\t\t<div class=\"elementor-widget-wrap elementor-element-populated\">\n\t\t\t\t\t\t<div class=\"elementor-element elementor-element-e3ff876 elementor-widget elementor-widget-spacer\" data-id=\"e3ff876\" data-element_type=\"widget\" data-e-type=\"widget\" data-widget_type=\"spacer.default\">\n\t\t\t\t\t\t\t<div class=\"elementor-spacer\">\n\t\t\t<div class=\"elementor-spacer-inner\"><\/div>\n\t\t<\/div>\n\t\t\t\t\t\t<\/div>\n\t\t\t\t<div class=\"elementor-element elementor-element-e691150 widget-divider-yes the7-e-tabs-view-horizontal the7-e-tabs-nav-justify-flex-start elementor-widget elementor-widget-the7-tabs\" data-id=\"e691150\" data-element_type=\"widget\" data-e-type=\"widget\" data-settings=\"{&quot;accordion_breakpoint&quot;:&quot;none&quot;}\" data-widget_type=\"the7-tabs.default\">\n\t\t\t\t<div class=\"elementor-widget-container\">\n\t\t\t\t\t\t<div class=\"the7-e-tabs-wrapper\">\n\t\t<div class=\"the7-e-tabs-nav-wrapper\">\n\t\t\t<div class=\"the7-e-tabs-nav-scroll-wrapper\">\n\t\t\t\t<div class=\"the7-e-tabs-nav\" role=\"tablist\">\n\t\t\t\t\t\t\t\t\t\t<span class=\"item-divider\" aria-hidden=\"true\"><\/span>\n\t\t\t\t\t\t\t\t\t\t\t\t<div id=\"the7-e-tab-title-2411\" class=\"the7-e-tab-title\" aria-selected=\"true\" data-tab=\"1\" role=\"tab\" tabindex=\"0\" aria-controls=\"the7-e-tab-content-2411\" aria-expanded=\"false\">\n\t\t\t\t\t\t\t\t\t\t\t\t\t\t<h5 class=\"the7-e-tab-title-text\">\n\t\t\t\t\t\t\tArtwork visualization\t\t\t\t\t\t\t<\/h5>\n\t\t\t\t\t\t<\/div>\n\t\t\t\t\t\t<span class=\"item-divider\" aria-hidden=\"true\"><\/span>\n\t\t\t\t\t\t\t\t\t\t\t<div id=\"the7-e-tab-title-2412\" class=\"the7-e-tab-title\" aria-selected=\"false\" data-tab=\"2\" role=\"tab\" tabindex=\"-1\" aria-controls=\"the7-e-tab-content-2412\" aria-expanded=\"false\">\n\t\t\t\t\t\t\t\t\t\t\t\t\t\t<h5 class=\"the7-e-tab-title-text\">\n\t\t\t\t\t\t\tFinished artwork\t\t\t\t\t\t\t<\/h5>\n\t\t\t\t\t\t<\/div>\n\t\t\t\t\t\t<span class=\"item-divider\" aria-hidden=\"true\"><\/span>\n\t\t\t\t\t\t\t\t\t<\/div>\n\t\t\t<\/div>\n\t\t\t<div class=\"the7-e-tab-nav-button left-button\" role=\"button\" tabindex=\"0\" aria-label=\"Prev tab\"><\/div>\n\t\t\t<div class=\"the7-e-tab-nav-button right-button\" role=\"button\" tabindex=\"0\" aria-label=\"Next tab\"><\/div>\n\t\t<\/div>\n\t\t<div class=\"the7-e-tabs-content\" aria-orientation=\"vertical\">\n\t\t\t<span class=\"item-divider\" aria-hidden=\"true\"><\/span>\n\t\t\t\t\t\t\t<div class=\"the7-e-tab-item-wrapper\" data-tab=\"1\">\n\t\t\t\t\t<div class=\"the7-e-tab-title\" aria-selected=\"true\" data-tab=\"1\" role=\"tab\" tabindex=\"0\" aria-controls=\"elementor-tab-content-2411\" aria-expanded=\"false\">\n\t\t\t\t\t\t\t\t\t\t\t\t<h5 class=\"the7-e-tab-title-text\">\n\t\t\t\t\t\t\tArtwork visualization\t\t\t\t\t\t<\/h5>\n\t\t\t\t\t<\/div>\n\t\t\t\t\t<div id=\"the7-e-tab-content-2411\" class=\"the7-e-tab-content the7-e-tab-text-content\" data-tab=\"1\" role=\"tabpanel\" aria-labelledby=\"the7-e-tab-title-2411\" tabindex=\"0\" hidden=\"false\"><p><strong>Visualising a painting<\/strong> is the best way to show the appearance of the final painting before it is produced. It allows the client to imagine what the commissioned work will look like and to make decisions on possible changes or approvals before the actual production starts. Therefore, if you have already chosen a picture but are still hesitant and would like to see how it might look in the final version first, we suggest that you order a visualisation of the painting. When you choose to order a visualisation, you will receive up to three versions of our visualisations (depending on how many and what kind of photos you send us). We will send the visualisations to your email address within 2 working days of your order.     <\/p>\n<p><span style=\"color: #c73434;\"><strong>ATTENTION!  <\/strong><\/span>If you are happy with our visualisation and wish to commission a painting, we will deduct the cost of the visualisation from the price of the painting and it will cost you nothing.<\/p>\n<\/div>\n\t\t\t\t<\/div>\n\t\t\t\t<span class=\"item-divider\" aria-hidden=\"true\"><\/span>\n\t\t\t\t\t\t\t<div class=\"the7-e-tab-item-wrapper\" data-tab=\"2\">\n\t\t\t\t\t<div class=\"the7-e-tab-title\" aria-selected=\"false\" data-tab=\"2\" role=\"tab\" tabindex=\"-1\" aria-controls=\"elementor-tab-content-2412\" aria-expanded=\"false\">\n\t\t\t\t\t\t\t\t\t\t\t\t<h5 class=\"the7-e-tab-title-text\">\n\t\t\t\t\t\t\tFinished artwork\t\t\t\t\t\t<\/h5>\n\t\t\t\t\t<\/div>\n\t\t\t\t\t<div id=\"the7-e-tab-content-2412\" class=\"the7-e-tab-content the7-e-tab-text-content\" data-tab=\"2\" role=\"tabpanel\" aria-labelledby=\"the7-e-tab-title-2412\" tabindex=\"0\" hidden=\"hidden\"><p><strong>A fully produced artwork<\/strong> is the final, physical work of art that will be created based on a photograph sent by the client. If you trust us completely, and if we see that the photos you send us are suitable, we will have the painting produced immediately and you will receive it within 5-7 working days. However, if there are any disagreements about the photos, we will contact you and ask you to replace them  <\/p>\n<\/div>\n\t\t\t\t<\/div>\n\t\t\t\t<span class=\"item-divider\" aria-hidden=\"true\"><\/span>\n\t\t\t\t\t<\/div>\n\t<\/div>\n\t\t\t\t\t\t<\/div>\n\t\t\t\t<\/div>\n\t\t\t\t<div class=\"elementor-element elementor-element-1f25093 elementor-widget elementor-widget-text-editor\" data-id=\"1f25093\" data-element_type=\"widget\" data-e-type=\"widget\" data-widget_type=\"text-editor.default\">\n\t\t\t\t\t\t\t\t\t<p><strong>Bespoke<\/strong> is the ideal solution when you have a special celebration coming up and you&#8217;re still looking for the perfect gift for someone who seems to have it all. Or maybe your desire is to inject a little luxury and originality into your home environment? Choose a spectacular piece of art from <a href=\"https:\/\/vienosiulo.lt\/en\/shop\/\">Vieno si\u016blo shop<\/a> that will add extraordinary charm to your interior.<\/p><p>If you have any doubts about your choice of photos, we suggest you stop by and read our <a href=\"https:\/\/vienosiulo.lt\/en\/how-to-choose-the-right-photo-for-a-string-art-portrait\/\">photo selection guide<\/a> to help you make your decision.<\/p>\t\t\t\t\t\t\t\t<\/div>\n\t\t\t\t\t<\/div>\n\t\t<\/div>\n\t\t\t\t\t<\/div>\n\t\t<\/section>\n\t\t\t\t<\/div>\n\t\t","protected":false},"excerpt":{"rendered":"<p>Looking for the perfect gift for someone who already has everything? A bespoke artwork is an ideal choice for any special occasion, adding a personal touch they&#8217;ll cherish forever. Or perhaps you&#8217;re craving a dash of luxury and originality in your own home? Explore our selection of stunning, handcrafted art pieces designed to infuse your space with unique charm and sophistication.<\/p>\n","protected":false},"featured_media":0,"template":"","meta":[],"product_brand":[],"product_cat":[402],"product_tag":[405,403,431,404,406],"class_list":{"0":"post-95361","1":"product","2":"type-product","3":"status-publish","5":"product_cat-for-your-creativity","6":"product_tag-a-picture-of-one-thread","7":"product_tag-custom-painting","8":"product_tag-individual-order","9":"product_tag-portraits-by-photo","10":"product_tag-visualisation-of-the-image","12":"first","13":"instock","14":"shipping-taxable","15":"purchasable","16":"product-type-simple"},"yoast_head":"<!-- This site is optimized with the Yoast SEO plugin v27.3 - https:\/\/yoast.com\/product\/yoast-seo-wordpress\/ -->\n<title>Custom string art (Kopija) | Vieno Si\u016blo<\/title>\n<meta name=\"robots\" content=\"index, follow, max-snippet:-1, max-image-preview:large, max-video-preview:-1\" \/>\n<link rel=\"canonical\" href=\"https:\/\/vienosiulo.lt\/en\/product\/custom-string-art-kopija-2\/\" \/>\n<meta property=\"og:locale\" content=\"en_US\" \/>\n<meta property=\"og:type\" content=\"article\" \/>\n<meta property=\"og:title\" content=\"Custom string art (Kopija) | Vieno Si\u016blo\" \/>\n<meta property=\"og:description\" content=\"Looking for the perfect gift for someone who already has everything? A bespoke artwork is an ideal choice for any special occasion, adding a personal touch they&#039;ll cherish forever. Or perhaps you&#039;re craving a dash of luxury and originality in your own home? Explore our selection of stunning, handcrafted art pieces designed to infuse your space with unique charm and sophistication.\" \/>\n<meta property=\"og:url\" content=\"https:\/\/vienosiulo.lt\/en\/product\/custom-string-art-kopija-2\/\" \/>\n<meta property=\"og:site_name\" content=\"Vieno Si\u016blo\" \/>\n<meta property=\"article:publisher\" content=\"https:\/\/facebook.com\/vieno.siulo\" \/>\n<meta property=\"article:modified_time\" content=\"2026-02-02T12:23:44+00:00\" \/>\n<meta property=\"og:image\" content=\"https:\/\/vienosiulo.lt\/wp-content\/uploads\/2024\/01\/Gyvuno-portretas.jpg\" \/>\n\t<meta property=\"og:image:width\" content=\"1500\" \/>\n\t<meta property=\"og:image:height\" content=\"1500\" \/>\n\t<meta property=\"og:image:type\" content=\"image\/jpeg\" \/>\n<meta name=\"twitter:card\" content=\"summary_large_image\" \/>\n<script type=\"application\/ld+json\" class=\"yoast-schema-graph\">{\"@context\":\"https:\\\/\\\/schema.org\",\"@graph\":[{\"@type\":\"WebPage\",\"@id\":\"https:\\\/\\\/vienosiulo.lt\\\/en\\\/product\\\/custom-string-art-kopija-2\\\/\",\"url\":\"https:\\\/\\\/vienosiulo.lt\\\/en\\\/product\\\/custom-string-art-kopija-2\\\/\",\"name\":\"Custom string art (Kopija) | Vieno Si\u016blo\",\"isPartOf\":{\"@id\":\"https:\\\/\\\/vienosiulo.lt\\\/en\\\/#website\"},\"datePublished\":\"2026-01-25T22:04:18+00:00\",\"dateModified\":\"2026-02-02T12:23:44+00:00\",\"breadcrumb\":{\"@id\":\"https:\\\/\\\/vienosiulo.lt\\\/en\\\/product\\\/custom-string-art-kopija-2\\\/#breadcrumb\"},\"inLanguage\":\"en-US\",\"potentialAction\":[{\"@type\":\"ReadAction\",\"target\":[\"https:\\\/\\\/vienosiulo.lt\\\/en\\\/product\\\/custom-string-art-kopija-2\\\/\"]}]},{\"@type\":\"BreadcrumbList\",\"@id\":\"https:\\\/\\\/vienosiulo.lt\\\/en\\\/product\\\/custom-string-art-kopija-2\\\/#breadcrumb\",\"itemListElement\":[{\"@type\":\"ListItem\",\"position\":1,\"name\":\"Pagrindinis\",\"item\":\"https:\\\/\\\/vienosiulo.lt\\\/en\\\/\"},{\"@type\":\"ListItem\",\"position\":2,\"name\":\"Shop\",\"item\":\"https:\\\/\\\/vienosiulo.lt\\\/en\\\/shop\\\/\"},{\"@type\":\"ListItem\",\"position\":3,\"name\":\"Custom string art (Kopija)\"}]},{\"@type\":\"WebSite\",\"@id\":\"https:\\\/\\\/vienosiulo.lt\\\/en\\\/#website\",\"url\":\"https:\\\/\\\/vienosiulo.lt\\\/en\\\/\",\"name\":\"Vieno Si\u016blo\",\"description\":\"Rank\u0173 darbo paveikslai i\u0161 vieno si\u016blo\",\"publisher\":{\"@id\":\"https:\\\/\\\/vienosiulo.lt\\\/en\\\/#organization\"},\"potentialAction\":[{\"@type\":\"SearchAction\",\"target\":{\"@type\":\"EntryPoint\",\"urlTemplate\":\"https:\\\/\\\/vienosiulo.lt\\\/en\\\/?s={search_term_string}\"},\"query-input\":{\"@type\":\"PropertyValueSpecification\",\"valueRequired\":true,\"valueName\":\"search_term_string\"}}],\"inLanguage\":\"en-US\"},{\"@type\":\"Organization\",\"@id\":\"https:\\\/\\\/vienosiulo.lt\\\/en\\\/#organization\",\"name\":\"Vieno Si\u016blo\",\"url\":\"https:\\\/\\\/vienosiulo.lt\\\/en\\\/\",\"logo\":{\"@type\":\"ImageObject\",\"inLanguage\":\"en-US\",\"@id\":\"https:\\\/\\\/vienosiulo.lt\\\/en\\\/#\\\/schema\\\/logo\\\/image\\\/\",\"url\":\"https:\\\/\\\/vienosiulo.lt\\\/wp-content\\\/uploads\\\/2023\\\/02\\\/Asset-1.svg\",\"contentUrl\":\"https:\\\/\\\/vienosiulo.lt\\\/wp-content\\\/uploads\\\/2023\\\/02\\\/Asset-1.svg\",\"caption\":\"Vieno Si\u016blo\"},\"image\":{\"@id\":\"https:\\\/\\\/vienosiulo.lt\\\/en\\\/#\\\/schema\\\/logo\\\/image\\\/\"},\"sameAs\":[\"https:\\\/\\\/facebook.com\\\/vieno.siulo\"]}]}<\/script>\n<!-- \/ Yoast SEO plugin. -->","yoast_head_json":{"title":"Custom string art (Kopija) | Vieno Si\u016blo","robots":{"index":"index","follow":"follow","max-snippet":"max-snippet:-1","max-image-preview":"max-image-preview:large","max-video-preview":"max-video-preview:-1"},"canonical":"https:\/\/vienosiulo.lt\/en\/product\/custom-string-art-kopija-2\/","og_locale":"en_US","og_type":"article","og_title":"Custom string art (Kopija) | Vieno Si\u016blo","og_description":"Looking for the perfect gift for someone who already has everything? A bespoke artwork is an ideal choice for any special occasion, adding a personal touch they'll cherish forever. Or perhaps you're craving a dash of luxury and originality in your own home? Explore our selection of stunning, handcrafted art pieces designed to infuse your space with unique charm and sophistication.","og_url":"https:\/\/vienosiulo.lt\/en\/product\/custom-string-art-kopija-2\/","og_site_name":"Vieno Si\u016blo","article_publisher":"https:\/\/facebook.com\/vieno.siulo","article_modified_time":"2026-02-02T12:23:44+00:00","og_image":[{"width":1500,"height":1500,"url":"https:\/\/vienosiulo.lt\/wp-content\/uploads\/2024\/01\/Gyvuno-portretas.jpg","type":"image\/jpeg"}],"twitter_card":"summary_large_image","schema":{"@context":"https:\/\/schema.org","@graph":[{"@type":"WebPage","@id":"https:\/\/vienosiulo.lt\/en\/product\/custom-string-art-kopija-2\/","url":"https:\/\/vienosiulo.lt\/en\/product\/custom-string-art-kopija-2\/","name":"Custom string art (Kopija) | Vieno Si\u016blo","isPartOf":{"@id":"https:\/\/vienosiulo.lt\/en\/#website"},"datePublished":"2026-01-25T22:04:18+00:00","dateModified":"2026-02-02T12:23:44+00:00","breadcrumb":{"@id":"https:\/\/vienosiulo.lt\/en\/product\/custom-string-art-kopija-2\/#breadcrumb"},"inLanguage":"en-US","potentialAction":[{"@type":"ReadAction","target":["https:\/\/vienosiulo.lt\/en\/product\/custom-string-art-kopija-2\/"]}]},{"@type":"BreadcrumbList","@id":"https:\/\/vienosiulo.lt\/en\/product\/custom-string-art-kopija-2\/#breadcrumb","itemListElement":[{"@type":"ListItem","position":1,"name":"Pagrindinis","item":"https:\/\/vienosiulo.lt\/en\/"},{"@type":"ListItem","position":2,"name":"Shop","item":"https:\/\/vienosiulo.lt\/en\/shop\/"},{"@type":"ListItem","position":3,"name":"Custom string art (Kopija)"}]},{"@type":"WebSite","@id":"https:\/\/vienosiulo.lt\/en\/#website","url":"https:\/\/vienosiulo.lt\/en\/","name":"Vieno Si\u016blo","description":"Rank\u0173 darbo paveikslai i\u0161 vieno si\u016blo","publisher":{"@id":"https:\/\/vienosiulo.lt\/en\/#organization"},"potentialAction":[{"@type":"SearchAction","target":{"@type":"EntryPoint","urlTemplate":"https:\/\/vienosiulo.lt\/en\/?s={search_term_string}"},"query-input":{"@type":"PropertyValueSpecification","valueRequired":true,"valueName":"search_term_string"}}],"inLanguage":"en-US"},{"@type":"Organization","@id":"https:\/\/vienosiulo.lt\/en\/#organization","name":"Vieno Si\u016blo","url":"https:\/\/vienosiulo.lt\/en\/","logo":{"@type":"ImageObject","inLanguage":"en-US","@id":"https:\/\/vienosiulo.lt\/en\/#\/schema\/logo\/image\/","url":"https:\/\/vienosiulo.lt\/wp-content\/uploads\/2023\/02\/Asset-1.svg","contentUrl":"https:\/\/vienosiulo.lt\/wp-content\/uploads\/2023\/02\/Asset-1.svg","caption":"Vieno Si\u016blo"},"image":{"@id":"https:\/\/vienosiulo.lt\/en\/#\/schema\/logo\/image\/"},"sameAs":["https:\/\/facebook.com\/vieno.siulo"]}]}},"_links":{"self":[{"href":"https:\/\/vienosiulo.lt\/en\/wp-json\/wp\/v2\/product\/95361","targetHints":{"allow":["GET"]}}],"collection":[{"href":"https:\/\/vienosiulo.lt\/en\/wp-json\/wp\/v2\/product"}],"about":[{"href":"https:\/\/vienosiulo.lt\/en\/wp-json\/wp\/v2\/types\/product"}],"version-history":[{"count":1,"href":"https:\/\/vienosiulo.lt\/en\/wp-json\/wp\/v2\/product\/95361\/revisions"}],"predecessor-version":[{"id":95368,"href":"https:\/\/vienosiulo.lt\/en\/wp-json\/wp\/v2\/product\/95361\/revisions\/95368"}],"wp:attachment":[{"href":"https:\/\/vienosiulo.lt\/en\/wp-json\/wp\/v2\/media?parent=95361"}],"wp:term":[{"taxonomy":"product_brand","embeddable":true,"href":"https:\/\/vienosiulo.lt\/en\/wp-json\/wp\/v2\/product_brand?post=95361"},{"taxonomy":"product_cat","embeddable":true,"href":"https:\/\/vienosiulo.lt\/en\/wp-json\/wp\/v2\/product_cat?post=95361"},{"taxonomy":"product_tag","embeddable":true,"href":"https:\/\/vienosiulo.lt\/en\/wp-json\/wp\/v2\/product_tag?post=95361"}],"curies":[{"name":"wp","href":"https:\/\/api.w.org\/{rel}","templated":true}]}}