{"id":94365,"date":"2023-07-17T10:26:05","date_gmt":"2023-07-17T08:26:05","guid":{"rendered":"https:\/\/vienosiulo.lt\/preke\/kraken\/"},"modified":"2025-04-08T20:04:06","modified_gmt":"2025-04-08T18:04:06","slug":"kraken","status":"publish","type":"product","link":"https:\/\/vienosiulo.lt\/en\/product\/kraken\/","title":{"rendered":"Kraken"},"content":{"rendered":"\t\t<div data-elementor-type=\"product-post\" data-elementor-id=\"94365\" class=\"elementor elementor-94365 elementor-10063\" data-elementor-post-type=\"product\">\n\t\t\t\t\t\t<section class=\"elementor-section elementor-top-section elementor-element elementor-element-e3c8e2d elementor-section-boxed elementor-section-height-default elementor-section-height-default\" data-id=\"e3c8e2d\" data-element_type=\"section\" data-e-type=\"section\">\n\t\t\t\t\t\t<div class=\"elementor-container elementor-column-gap-wide\">\n\t\t\t\t\t<div class=\"elementor-column elementor-col-100 elementor-top-column elementor-element elementor-element-b80fbf0\" data-id=\"b80fbf0\" data-element_type=\"column\" data-e-type=\"column\">\n\t\t\t<div class=\"elementor-widget-wrap elementor-element-populated\">\n\t\t\t\t\t\t<div class=\"elementor-element elementor-element-a24f8ea elementor-widget elementor-widget-text-editor\" data-id=\"a24f8ea\" data-element_type=\"widget\" data-e-type=\"widget\" data-widget_type=\"text-editor.default\">\n\t\t\t\t\t\t\t\t\t<p>Kraken is the term given to a legendary sea monster often depicted as a giant squid or octopus. This creature is said to live in the depths of the ocean and is known for its enormous size and terrifying power. Although the existence of the Kraken in reality is a matter of debate, it has gained great popularity and cultural significance in various mythologies and works of fiction.  <\/p><p>In many fairy tales, the Kraken is described as being able to cause great destruction by overturning ships and dragging them into the depths of the sea. Its tentacles are said to be strong enough to crush wood and stone, making it a fearsome foe for sailors and mariners. <\/p><p>The legend of the Kraken has captured the imagination for centuries and has been depicted in countless novels, films and video games, where he often plays the role of a dramatic and fascinating antagonist. The concept of a giant sea monster lurking beneath the waves adds mystery, danger and adventure to sea stories. <\/p><p>In summary, this creature symbolises the power, mystery and danger associated with the vastness of the ocean.<\/p>\t\t\t\t\t\t\t\t<\/div>\n\t\t\t\t\t<\/div>\n\t\t<\/div>\n\t\t\t\t\t<\/div>\n\t\t<\/section>\n\t\t\t\t<\/div>\n\t\t","protected":false},"excerpt":{"rendered":"<p>Kraken is the term given to a legendary sea monster often depicted as a giant squid or octopus. This creature is said to live in the depths of the ocean and is known for its enormous size and terrifying power. Although the existence of the Kraken in reality is a matter of debate, it has&hellip;<\/p>\n","protected":false},"featured_media":93753,"template":"","meta":[],"product_brand":[],"product_cat":[451,411,452],"product_tag":[480,479,484,482,481],"class_list":{"0":"post-94365","1":"product","2":"type-product","3":"status-publish","4":"has-post-thumbnail","6":"product_cat-nature","7":"product_cat-mystic-and-horror","8":"product_cat-animals","9":"product_tag-kraken-en-2","10":"product_tag-kraken-en","11":"product_tag-monster","12":"product_tag-octopus","13":"product_tag-squid","15":"first","16":"instock","17":"sale","18":"featured","19":"shipping-taxable","20":"purchasable","21":"product-type-variable","22":"has-default-attributes"},"yoast_head":"<!-- This site is optimized with the Yoast SEO plugin v27.3 - https:\/\/yoast.com\/product\/yoast-seo-wordpress\/ -->\n<title>Kraken | Vieno Si\u016blo<\/title>\n<meta name=\"description\" content=\"The kraken is a legendary sea monster, often depicted as a giant squid or octopus. The creature is said to live in the depths of the ocean.\" \/>\n<meta name=\"robots\" content=\"index, follow, max-snippet:-1, max-image-preview:large, max-video-preview:-1\" \/>\n<link rel=\"canonical\" href=\"https:\/\/vienosiulo.lt\/en\/product\/kraken\/\" \/>\n<meta property=\"og:locale\" content=\"en_US\" \/>\n<meta property=\"og:type\" content=\"article\" \/>\n<meta property=\"og:title\" content=\"Kraken | Vieno Si\u016blo\" \/>\n<meta property=\"og:description\" content=\"The kraken is a legendary sea monster, often depicted as a giant squid or octopus. The creature is said to live in the depths of the ocean.\" \/>\n<meta property=\"og:url\" content=\"https:\/\/vienosiulo.lt\/en\/product\/kraken\/\" \/>\n<meta property=\"og:site_name\" content=\"Vieno Si\u016blo\" \/>\n<meta property=\"article:publisher\" content=\"https:\/\/facebook.com\/vieno.siulo\" \/>\n<meta property=\"article:modified_time\" content=\"2025-04-08T18:04:06+00:00\" \/>\n<meta property=\"og:image\" content=\"https:\/\/vienosiulo.lt\/wp-content\/uploads\/2023\/07\/krakenas.jpg\" \/>\n\t<meta property=\"og:image:width\" content=\"2126\" \/>\n\t<meta property=\"og:image:height\" content=\"2126\" \/>\n\t<meta property=\"og:image:type\" content=\"image\/jpeg\" \/>\n<meta name=\"twitter:card\" content=\"summary_large_image\" \/>\n<meta name=\"twitter:label1\" content=\"Est. reading time\" \/>\n\t<meta name=\"twitter:data1\" content=\"2 minutes\" \/>\n<script type=\"application\/ld+json\" class=\"yoast-schema-graph\">{\"@context\":\"https:\\\/\\\/schema.org\",\"@graph\":[{\"@type\":\"WebPage\",\"@id\":\"https:\\\/\\\/vienosiulo.lt\\\/en\\\/product\\\/kraken\\\/\",\"url\":\"https:\\\/\\\/vienosiulo.lt\\\/en\\\/product\\\/kraken\\\/\",\"name\":\"Kraken | Vieno Si\u016blo\",\"isPartOf\":{\"@id\":\"https:\\\/\\\/vienosiulo.lt\\\/en\\\/#website\"},\"primaryImageOfPage\":{\"@id\":\"https:\\\/\\\/vienosiulo.lt\\\/en\\\/product\\\/kraken\\\/#primaryimage\"},\"image\":{\"@id\":\"https:\\\/\\\/vienosiulo.lt\\\/en\\\/product\\\/kraken\\\/#primaryimage\"},\"thumbnailUrl\":\"https:\\\/\\\/vienosiulo.lt\\\/wp-content\\\/uploads\\\/2023\\\/07\\\/krakenas.jpg\",\"datePublished\":\"2023-07-17T08:26:05+00:00\",\"dateModified\":\"2025-04-08T18:04:06+00:00\",\"description\":\"The kraken is a legendary sea monster, often depicted as a giant squid or octopus. The creature is said to live in the depths of the ocean.\",\"breadcrumb\":{\"@id\":\"https:\\\/\\\/vienosiulo.lt\\\/en\\\/product\\\/kraken\\\/#breadcrumb\"},\"inLanguage\":\"en-US\",\"potentialAction\":[{\"@type\":\"ReadAction\",\"target\":[\"https:\\\/\\\/vienosiulo.lt\\\/en\\\/product\\\/kraken\\\/\"]}]},{\"@type\":\"ImageObject\",\"inLanguage\":\"en-US\",\"@id\":\"https:\\\/\\\/vienosiulo.lt\\\/en\\\/product\\\/kraken\\\/#primaryimage\",\"url\":\"https:\\\/\\\/vienosiulo.lt\\\/wp-content\\\/uploads\\\/2023\\\/07\\\/krakenas.jpg\",\"contentUrl\":\"https:\\\/\\\/vienosiulo.lt\\\/wp-content\\\/uploads\\\/2023\\\/07\\\/krakenas.jpg\",\"width\":2126,\"height\":2126},{\"@type\":\"BreadcrumbList\",\"@id\":\"https:\\\/\\\/vienosiulo.lt\\\/en\\\/product\\\/kraken\\\/#breadcrumb\",\"itemListElement\":[{\"@type\":\"ListItem\",\"position\":1,\"name\":\"Pagrindinis\",\"item\":\"https:\\\/\\\/vienosiulo.lt\\\/en\\\/\"},{\"@type\":\"ListItem\",\"position\":2,\"name\":\"Shop\",\"item\":\"https:\\\/\\\/vienosiulo.lt\\\/en\\\/shop\\\/\"},{\"@type\":\"ListItem\",\"position\":3,\"name\":\"Kraken\"}]},{\"@type\":\"WebSite\",\"@id\":\"https:\\\/\\\/vienosiulo.lt\\\/en\\\/#website\",\"url\":\"https:\\\/\\\/vienosiulo.lt\\\/en\\\/\",\"name\":\"Vieno Si\u016blo\",\"description\":\"Rank\u0173 darbo paveikslai i\u0161 vieno si\u016blo\",\"publisher\":{\"@id\":\"https:\\\/\\\/vienosiulo.lt\\\/en\\\/#organization\"},\"potentialAction\":[{\"@type\":\"SearchAction\",\"target\":{\"@type\":\"EntryPoint\",\"urlTemplate\":\"https:\\\/\\\/vienosiulo.lt\\\/en\\\/?s={search_term_string}\"},\"query-input\":{\"@type\":\"PropertyValueSpecification\",\"valueRequired\":true,\"valueName\":\"search_term_string\"}}],\"inLanguage\":\"en-US\"},{\"@type\":\"Organization\",\"@id\":\"https:\\\/\\\/vienosiulo.lt\\\/en\\\/#organization\",\"name\":\"Vieno Si\u016blo\",\"url\":\"https:\\\/\\\/vienosiulo.lt\\\/en\\\/\",\"logo\":{\"@type\":\"ImageObject\",\"inLanguage\":\"en-US\",\"@id\":\"https:\\\/\\\/vienosiulo.lt\\\/en\\\/#\\\/schema\\\/logo\\\/image\\\/\",\"url\":\"https:\\\/\\\/vienosiulo.lt\\\/wp-content\\\/uploads\\\/2023\\\/02\\\/Asset-1.svg\",\"contentUrl\":\"https:\\\/\\\/vienosiulo.lt\\\/wp-content\\\/uploads\\\/2023\\\/02\\\/Asset-1.svg\",\"caption\":\"Vieno Si\u016blo\"},\"image\":{\"@id\":\"https:\\\/\\\/vienosiulo.lt\\\/en\\\/#\\\/schema\\\/logo\\\/image\\\/\"},\"sameAs\":[\"https:\\\/\\\/facebook.com\\\/vieno.siulo\"]}]}<\/script>\n<!-- \/ Yoast SEO plugin. -->","yoast_head_json":{"title":"Kraken | Vieno Si\u016blo","description":"The kraken is a legendary sea monster, often depicted as a giant squid or octopus. The creature is said to live in the depths of the ocean.","robots":{"index":"index","follow":"follow","max-snippet":"max-snippet:-1","max-image-preview":"max-image-preview:large","max-video-preview":"max-video-preview:-1"},"canonical":"https:\/\/vienosiulo.lt\/en\/product\/kraken\/","og_locale":"en_US","og_type":"article","og_title":"Kraken | Vieno Si\u016blo","og_description":"The kraken is a legendary sea monster, often depicted as a giant squid or octopus. The creature is said to live in the depths of the ocean.","og_url":"https:\/\/vienosiulo.lt\/en\/product\/kraken\/","og_site_name":"Vieno Si\u016blo","article_publisher":"https:\/\/facebook.com\/vieno.siulo","article_modified_time":"2025-04-08T18:04:06+00:00","og_image":[{"width":2126,"height":2126,"url":"https:\/\/vienosiulo.lt\/wp-content\/uploads\/2023\/07\/krakenas.jpg","type":"image\/jpeg"}],"twitter_card":"summary_large_image","twitter_misc":{"Est. reading time":"2 minutes"},"schema":{"@context":"https:\/\/schema.org","@graph":[{"@type":"WebPage","@id":"https:\/\/vienosiulo.lt\/en\/product\/kraken\/","url":"https:\/\/vienosiulo.lt\/en\/product\/kraken\/","name":"Kraken | Vieno Si\u016blo","isPartOf":{"@id":"https:\/\/vienosiulo.lt\/en\/#website"},"primaryImageOfPage":{"@id":"https:\/\/vienosiulo.lt\/en\/product\/kraken\/#primaryimage"},"image":{"@id":"https:\/\/vienosiulo.lt\/en\/product\/kraken\/#primaryimage"},"thumbnailUrl":"https:\/\/vienosiulo.lt\/wp-content\/uploads\/2023\/07\/krakenas.jpg","datePublished":"2023-07-17T08:26:05+00:00","dateModified":"2025-04-08T18:04:06+00:00","description":"The kraken is a legendary sea monster, often depicted as a giant squid or octopus. The creature is said to live in the depths of the ocean.","breadcrumb":{"@id":"https:\/\/vienosiulo.lt\/en\/product\/kraken\/#breadcrumb"},"inLanguage":"en-US","potentialAction":[{"@type":"ReadAction","target":["https:\/\/vienosiulo.lt\/en\/product\/kraken\/"]}]},{"@type":"ImageObject","inLanguage":"en-US","@id":"https:\/\/vienosiulo.lt\/en\/product\/kraken\/#primaryimage","url":"https:\/\/vienosiulo.lt\/wp-content\/uploads\/2023\/07\/krakenas.jpg","contentUrl":"https:\/\/vienosiulo.lt\/wp-content\/uploads\/2023\/07\/krakenas.jpg","width":2126,"height":2126},{"@type":"BreadcrumbList","@id":"https:\/\/vienosiulo.lt\/en\/product\/kraken\/#breadcrumb","itemListElement":[{"@type":"ListItem","position":1,"name":"Pagrindinis","item":"https:\/\/vienosiulo.lt\/en\/"},{"@type":"ListItem","position":2,"name":"Shop","item":"https:\/\/vienosiulo.lt\/en\/shop\/"},{"@type":"ListItem","position":3,"name":"Kraken"}]},{"@type":"WebSite","@id":"https:\/\/vienosiulo.lt\/en\/#website","url":"https:\/\/vienosiulo.lt\/en\/","name":"Vieno Si\u016blo","description":"Rank\u0173 darbo paveikslai i\u0161 vieno si\u016blo","publisher":{"@id":"https:\/\/vienosiulo.lt\/en\/#organization"},"potentialAction":[{"@type":"SearchAction","target":{"@type":"EntryPoint","urlTemplate":"https:\/\/vienosiulo.lt\/en\/?s={search_term_string}"},"query-input":{"@type":"PropertyValueSpecification","valueRequired":true,"valueName":"search_term_string"}}],"inLanguage":"en-US"},{"@type":"Organization","@id":"https:\/\/vienosiulo.lt\/en\/#organization","name":"Vieno Si\u016blo","url":"https:\/\/vienosiulo.lt\/en\/","logo":{"@type":"ImageObject","inLanguage":"en-US","@id":"https:\/\/vienosiulo.lt\/en\/#\/schema\/logo\/image\/","url":"https:\/\/vienosiulo.lt\/wp-content\/uploads\/2023\/02\/Asset-1.svg","contentUrl":"https:\/\/vienosiulo.lt\/wp-content\/uploads\/2023\/02\/Asset-1.svg","caption":"Vieno Si\u016blo"},"image":{"@id":"https:\/\/vienosiulo.lt\/en\/#\/schema\/logo\/image\/"},"sameAs":["https:\/\/facebook.com\/vieno.siulo"]}]}},"_links":{"self":[{"href":"https:\/\/vienosiulo.lt\/en\/wp-json\/wp\/v2\/product\/94365","targetHints":{"allow":["GET"]}}],"collection":[{"href":"https:\/\/vienosiulo.lt\/en\/wp-json\/wp\/v2\/product"}],"about":[{"href":"https:\/\/vienosiulo.lt\/en\/wp-json\/wp\/v2\/types\/product"}],"version-history":[{"count":0,"href":"https:\/\/vienosiulo.lt\/en\/wp-json\/wp\/v2\/product\/94365\/revisions"}],"wp:featuredmedia":[{"embeddable":true,"href":"https:\/\/vienosiulo.lt\/en\/wp-json\/wp\/v2\/media\/93753"}],"wp:attachment":[{"href":"https:\/\/vienosiulo.lt\/en\/wp-json\/wp\/v2\/media?parent=94365"}],"wp:term":[{"taxonomy":"product_brand","embeddable":true,"href":"https:\/\/vienosiulo.lt\/en\/wp-json\/wp\/v2\/product_brand?post=94365"},{"taxonomy":"product_cat","embeddable":true,"href":"https:\/\/vienosiulo.lt\/en\/wp-json\/wp\/v2\/product_cat?post=94365"},{"taxonomy":"product_tag","embeddable":true,"href":"https:\/\/vienosiulo.lt\/en\/wp-json\/wp\/v2\/product_tag?post=94365"}],"curies":[{"name":"wp","href":"https:\/\/api.w.org\/{rel}","templated":true}]}}