{"id":94325,"date":"2024-04-26T18:49:01","date_gmt":"2024-04-26T16:49:01","guid":{"rendered":"https:\/\/vienosiulo.lt\/preke\/instructions-for-build-it-yourself\/"},"modified":"2025-11-05T19:18:24","modified_gmt":"2025-11-05T17:18:24","slug":"string-art-diy-instruction","status":"publish","type":"product","link":"https:\/\/vienosiulo.lt\/en\/product\/string-art-diy-instruction\/","title":{"rendered":"String art DIY instruction"},"content":{"rendered":"\t\t<div data-elementor-type=\"product-post\" data-elementor-id=\"94325\" class=\"elementor elementor-94325 elementor-10858\" data-elementor-post-type=\"product\">\n\t\t\t\t\t\t<section class=\"elementor-section elementor-top-section elementor-element elementor-element-daa5b80 elementor-section-boxed elementor-section-height-default elementor-section-height-default\" data-id=\"daa5b80\" data-element_type=\"section\" data-e-type=\"section\">\n\t\t\t\t\t\t<div class=\"elementor-container elementor-column-gap-default\">\n\t\t\t\t\t<div class=\"elementor-column elementor-col-100 elementor-top-column elementor-element elementor-element-52a2a0f\" data-id=\"52a2a0f\" data-element_type=\"column\" data-e-type=\"column\">\n\t\t\t<div class=\"elementor-widget-wrap elementor-element-populated\">\n\t\t\t\t\t\t<div class=\"elementor-element elementor-element-1f25093 elementor-widget elementor-widget-text-editor\" data-id=\"1f25093\" data-element_type=\"widget\" data-e-type=\"widget\" data-widget_type=\"text-editor.default\">\n\t\t\t\t\t\t\t\t\t<h4><strong>String art DIY instruction<\/strong><\/h4><p>This is a comprehensive and clear guide to creating your string artwork if you have all the necessary supplies!<\/p><p><strong>What will you find in the manual?<\/strong><\/p><ul><li>A numerical template to guide you where to hang the thread<\/li><li>Artwork visualization<\/li><li>Detailed instructions and a diagram that you will need to create your string artwork<\/li><\/ul><p><strong>How does it work?<\/strong><\/p><p>All you have to do is choose your preferred photo or several photos and upload them to your order (see <a href=\"https:\/\/vienosiulo.lt\/en\/how-to-choose-the-right-photo-for-a-string-art-portrait\/\">our photo selection guide<\/a> for how to choose the right photos). Once we receive your order, we will take it, create a visualisation and instructions and send it to you by the method you specify (email or real mail).<\/p><p><strong>What else will I need?<\/strong><\/p><ul><li>If you order a virtual manual, you will need a printer to print it out<\/li><li>Nails<\/li><li>Hammer<\/li><li>A base of the desired size for nailing (we recommend choosing one that can accommodate the number template)<\/li><li>Black, ultra-thin thread for your artwork. For a good quality result, we recommend you buy thread <a href=\"https:\/\/vienosiulo.lt\/en\/product\/threads-for-string-art\/\">from our shop.<\/a><\/li><li>Pencil, scissors, transparent tape to attach template to the base.<\/li><li>Patience and good mood <span class=\"emoji emoji-large\">\ud83d\ude0a<\/span><\/li><\/ul><p>If you don&#8217;t have these items, you are welcome to purchase our <a href=\"https:\/\/vienosiulo.lt\/en\/product\/string-art-diy-kit\/\">&#8220;String art DIY kit&#8221;<\/a><\/p><p>Or buy our <a href=\"https:\/\/vienosiulo.lt\/en\/product\/custom-string-art\/\">custom string artworks.<\/a><\/p><p><strong>Will I be able to make this string artwork when I am not &#8220;at art&#8221;?<\/strong><\/p><p>We have no doubt that our clear instructions will help you create a beautiful painting! The process of creating a single thread painting has a calming effect &#8211; it is a kind of meditation, a way of being here and now. It will also help you improve your focus and concentration. We guarantee that once you have completed such a stunning project, you will be delighted with your abilities and the painting itself <span class=\"emoji emoji-large\">\ud83d\ude0a<\/span><\/p>\t\t\t\t\t\t\t\t<\/div>\n\t\t\t\t\t<\/div>\n\t\t<\/div>\n\t\t\t\t\t<\/div>\n\t\t<\/section>\n\t\t\t\t<\/div>\n\t\t","protected":false},"excerpt":{"rendered":"<p>String art DIY instruction This is a comprehensive and clear guide to creating your string artwork if you have all the necessary supplies! What will you find in the manual? A numerical template to guide you where to hang the thread Artwork visualization Detailed instructions and a diagram that you will need to create your&hellip;<\/p>\n","protected":false},"featured_media":93823,"template":"","meta":[],"product_brand":[],"product_cat":[278],"product_tag":[282,291,279,284,292,286,287,280,283],"class_list":{"0":"post-94325","1":"product","2":"type-product","3":"status-publish","4":"has-post-thumbnail","6":"product_cat-jusu-kurybai","7":"product_tag-vieno-siulo-paveikslas","8":"product_tag-susikurkite-patys","9":"product_tag-paveikslas-pagal-uzsakyma","10":"product_tag-pasidaryk-pats","11":"product_tag-instrukcija-paveikslo-gamybai","12":"product_tag-susikurk-pats","13":"product_tag-siulo-paveikslo-kuryba","14":"product_tag-portretai-pagal-nuotrauka","15":"product_tag-paveikso-vizualizacija","17":"first","18":"instock","19":"sale","20":"shipping-taxable","21":"purchasable","22":"product-type-variable"},"yoast_head":"<!-- This site is optimized with the Yoast SEO plugin v27.3 - https:\/\/yoast.com\/product\/yoast-seo-wordpress\/ -->\n<title>String art DIY instruction | Vieno Si\u016blo<\/title>\n<meta name=\"description\" content=\"The instruction manual, created by Vieno si\u016blo team, is a complete and clear guide to creating your painting when you have all the necessary supplies!\" \/>\n<meta name=\"robots\" content=\"index, follow, max-snippet:-1, max-image-preview:large, max-video-preview:-1\" \/>\n<link rel=\"canonical\" href=\"https:\/\/vienosiulo.lt\/en\/product\/string-art-diy-instruction\/\" \/>\n<meta property=\"og:locale\" content=\"en_US\" \/>\n<meta property=\"og:type\" content=\"article\" \/>\n<meta property=\"og:title\" content=\"String art DIY instruction | Vieno Si\u016blo\" \/>\n<meta property=\"og:description\" content=\"The instruction manual, created by Vieno si\u016blo team, is a complete and clear guide to creating your painting when you have all the necessary supplies!\" \/>\n<meta property=\"og:url\" content=\"https:\/\/vienosiulo.lt\/en\/product\/string-art-diy-instruction\/\" \/>\n<meta property=\"og:site_name\" content=\"Vieno Si\u016blo\" \/>\n<meta property=\"article:publisher\" content=\"https:\/\/facebook.com\/vieno.siulo\" \/>\n<meta property=\"article:modified_time\" content=\"2025-11-05T17:18:24+00:00\" \/>\n<meta property=\"og:image\" content=\"https:\/\/vienosiulo.lt\/wp-content\/uploads\/2024\/04\/instrukcija_2.jpg\" \/>\n\t<meta property=\"og:image:width\" content=\"2460\" \/>\n\t<meta property=\"og:image:height\" content=\"2460\" \/>\n\t<meta property=\"og:image:type\" content=\"image\/jpeg\" \/>\n<meta name=\"twitter:card\" content=\"summary_large_image\" \/>\n<script type=\"application\/ld+json\" class=\"yoast-schema-graph\">{\"@context\":\"https:\\\/\\\/schema.org\",\"@graph\":[{\"@type\":\"WebPage\",\"@id\":\"https:\\\/\\\/vienosiulo.lt\\\/en\\\/product\\\/string-art-diy-instruction\\\/\",\"url\":\"https:\\\/\\\/vienosiulo.lt\\\/en\\\/product\\\/string-art-diy-instruction\\\/\",\"name\":\"String art DIY instruction | Vieno Si\u016blo\",\"isPartOf\":{\"@id\":\"https:\\\/\\\/vienosiulo.lt\\\/en\\\/#website\"},\"primaryImageOfPage\":{\"@id\":\"https:\\\/\\\/vienosiulo.lt\\\/en\\\/product\\\/string-art-diy-instruction\\\/#primaryimage\"},\"image\":{\"@id\":\"https:\\\/\\\/vienosiulo.lt\\\/en\\\/product\\\/string-art-diy-instruction\\\/#primaryimage\"},\"thumbnailUrl\":\"https:\\\/\\\/vienosiulo.lt\\\/wp-content\\\/uploads\\\/2024\\\/04\\\/instrukcija_2.jpg\",\"datePublished\":\"2024-04-26T16:49:01+00:00\",\"dateModified\":\"2025-11-05T17:18:24+00:00\",\"description\":\"The instruction manual, created by Vieno si\u016blo team, is a complete and clear guide to creating your painting when you have all the necessary supplies!\",\"breadcrumb\":{\"@id\":\"https:\\\/\\\/vienosiulo.lt\\\/en\\\/product\\\/string-art-diy-instruction\\\/#breadcrumb\"},\"inLanguage\":\"en-US\",\"potentialAction\":[{\"@type\":\"ReadAction\",\"target\":[\"https:\\\/\\\/vienosiulo.lt\\\/en\\\/product\\\/string-art-diy-instruction\\\/\"]}]},{\"@type\":\"ImageObject\",\"inLanguage\":\"en-US\",\"@id\":\"https:\\\/\\\/vienosiulo.lt\\\/en\\\/product\\\/string-art-diy-instruction\\\/#primaryimage\",\"url\":\"https:\\\/\\\/vienosiulo.lt\\\/wp-content\\\/uploads\\\/2024\\\/04\\\/instrukcija_2.jpg\",\"contentUrl\":\"https:\\\/\\\/vienosiulo.lt\\\/wp-content\\\/uploads\\\/2024\\\/04\\\/instrukcija_2.jpg\",\"width\":2460,\"height\":2460},{\"@type\":\"BreadcrumbList\",\"@id\":\"https:\\\/\\\/vienosiulo.lt\\\/en\\\/product\\\/string-art-diy-instruction\\\/#breadcrumb\",\"itemListElement\":[{\"@type\":\"ListItem\",\"position\":1,\"name\":\"Pagrindinis\",\"item\":\"https:\\\/\\\/vienosiulo.lt\\\/en\\\/\"},{\"@type\":\"ListItem\",\"position\":2,\"name\":\"Shop\",\"item\":\"https:\\\/\\\/vienosiulo.lt\\\/en\\\/shop\\\/\"},{\"@type\":\"ListItem\",\"position\":3,\"name\":\"String art DIY instruction\"}]},{\"@type\":\"WebSite\",\"@id\":\"https:\\\/\\\/vienosiulo.lt\\\/en\\\/#website\",\"url\":\"https:\\\/\\\/vienosiulo.lt\\\/en\\\/\",\"name\":\"Vieno Si\u016blo\",\"description\":\"Rank\u0173 darbo paveikslai i\u0161 vieno si\u016blo\",\"publisher\":{\"@id\":\"https:\\\/\\\/vienosiulo.lt\\\/en\\\/#organization\"},\"potentialAction\":[{\"@type\":\"SearchAction\",\"target\":{\"@type\":\"EntryPoint\",\"urlTemplate\":\"https:\\\/\\\/vienosiulo.lt\\\/en\\\/?s={search_term_string}\"},\"query-input\":{\"@type\":\"PropertyValueSpecification\",\"valueRequired\":true,\"valueName\":\"search_term_string\"}}],\"inLanguage\":\"en-US\"},{\"@type\":\"Organization\",\"@id\":\"https:\\\/\\\/vienosiulo.lt\\\/en\\\/#organization\",\"name\":\"Vieno Si\u016blo\",\"url\":\"https:\\\/\\\/vienosiulo.lt\\\/en\\\/\",\"logo\":{\"@type\":\"ImageObject\",\"inLanguage\":\"en-US\",\"@id\":\"https:\\\/\\\/vienosiulo.lt\\\/en\\\/#\\\/schema\\\/logo\\\/image\\\/\",\"url\":\"https:\\\/\\\/vienosiulo.lt\\\/wp-content\\\/uploads\\\/2023\\\/02\\\/Asset-1.svg\",\"contentUrl\":\"https:\\\/\\\/vienosiulo.lt\\\/wp-content\\\/uploads\\\/2023\\\/02\\\/Asset-1.svg\",\"caption\":\"Vieno Si\u016blo\"},\"image\":{\"@id\":\"https:\\\/\\\/vienosiulo.lt\\\/en\\\/#\\\/schema\\\/logo\\\/image\\\/\"},\"sameAs\":[\"https:\\\/\\\/facebook.com\\\/vieno.siulo\"]}]}<\/script>\n<!-- \/ Yoast SEO plugin. -->","yoast_head_json":{"title":"String art DIY instruction | Vieno Si\u016blo","description":"The instruction manual, created by Vieno si\u016blo team, is a complete and clear guide to creating your painting when you have all the necessary supplies!","robots":{"index":"index","follow":"follow","max-snippet":"max-snippet:-1","max-image-preview":"max-image-preview:large","max-video-preview":"max-video-preview:-1"},"canonical":"https:\/\/vienosiulo.lt\/en\/product\/string-art-diy-instruction\/","og_locale":"en_US","og_type":"article","og_title":"String art DIY instruction | Vieno Si\u016blo","og_description":"The instruction manual, created by Vieno si\u016blo team, is a complete and clear guide to creating your painting when you have all the necessary supplies!","og_url":"https:\/\/vienosiulo.lt\/en\/product\/string-art-diy-instruction\/","og_site_name":"Vieno Si\u016blo","article_publisher":"https:\/\/facebook.com\/vieno.siulo","article_modified_time":"2025-11-05T17:18:24+00:00","og_image":[{"width":2460,"height":2460,"url":"https:\/\/vienosiulo.lt\/wp-content\/uploads\/2024\/04\/instrukcija_2.jpg","type":"image\/jpeg"}],"twitter_card":"summary_large_image","schema":{"@context":"https:\/\/schema.org","@graph":[{"@type":"WebPage","@id":"https:\/\/vienosiulo.lt\/en\/product\/string-art-diy-instruction\/","url":"https:\/\/vienosiulo.lt\/en\/product\/string-art-diy-instruction\/","name":"String art DIY instruction | Vieno Si\u016blo","isPartOf":{"@id":"https:\/\/vienosiulo.lt\/en\/#website"},"primaryImageOfPage":{"@id":"https:\/\/vienosiulo.lt\/en\/product\/string-art-diy-instruction\/#primaryimage"},"image":{"@id":"https:\/\/vienosiulo.lt\/en\/product\/string-art-diy-instruction\/#primaryimage"},"thumbnailUrl":"https:\/\/vienosiulo.lt\/wp-content\/uploads\/2024\/04\/instrukcija_2.jpg","datePublished":"2024-04-26T16:49:01+00:00","dateModified":"2025-11-05T17:18:24+00:00","description":"The instruction manual, created by Vieno si\u016blo team, is a complete and clear guide to creating your painting when you have all the necessary supplies!","breadcrumb":{"@id":"https:\/\/vienosiulo.lt\/en\/product\/string-art-diy-instruction\/#breadcrumb"},"inLanguage":"en-US","potentialAction":[{"@type":"ReadAction","target":["https:\/\/vienosiulo.lt\/en\/product\/string-art-diy-instruction\/"]}]},{"@type":"ImageObject","inLanguage":"en-US","@id":"https:\/\/vienosiulo.lt\/en\/product\/string-art-diy-instruction\/#primaryimage","url":"https:\/\/vienosiulo.lt\/wp-content\/uploads\/2024\/04\/instrukcija_2.jpg","contentUrl":"https:\/\/vienosiulo.lt\/wp-content\/uploads\/2024\/04\/instrukcija_2.jpg","width":2460,"height":2460},{"@type":"BreadcrumbList","@id":"https:\/\/vienosiulo.lt\/en\/product\/string-art-diy-instruction\/#breadcrumb","itemListElement":[{"@type":"ListItem","position":1,"name":"Pagrindinis","item":"https:\/\/vienosiulo.lt\/en\/"},{"@type":"ListItem","position":2,"name":"Shop","item":"https:\/\/vienosiulo.lt\/en\/shop\/"},{"@type":"ListItem","position":3,"name":"String art DIY instruction"}]},{"@type":"WebSite","@id":"https:\/\/vienosiulo.lt\/en\/#website","url":"https:\/\/vienosiulo.lt\/en\/","name":"Vieno Si\u016blo","description":"Rank\u0173 darbo paveikslai i\u0161 vieno si\u016blo","publisher":{"@id":"https:\/\/vienosiulo.lt\/en\/#organization"},"potentialAction":[{"@type":"SearchAction","target":{"@type":"EntryPoint","urlTemplate":"https:\/\/vienosiulo.lt\/en\/?s={search_term_string}"},"query-input":{"@type":"PropertyValueSpecification","valueRequired":true,"valueName":"search_term_string"}}],"inLanguage":"en-US"},{"@type":"Organization","@id":"https:\/\/vienosiulo.lt\/en\/#organization","name":"Vieno Si\u016blo","url":"https:\/\/vienosiulo.lt\/en\/","logo":{"@type":"ImageObject","inLanguage":"en-US","@id":"https:\/\/vienosiulo.lt\/en\/#\/schema\/logo\/image\/","url":"https:\/\/vienosiulo.lt\/wp-content\/uploads\/2023\/02\/Asset-1.svg","contentUrl":"https:\/\/vienosiulo.lt\/wp-content\/uploads\/2023\/02\/Asset-1.svg","caption":"Vieno Si\u016blo"},"image":{"@id":"https:\/\/vienosiulo.lt\/en\/#\/schema\/logo\/image\/"},"sameAs":["https:\/\/facebook.com\/vieno.siulo"]}]}},"_links":{"self":[{"href":"https:\/\/vienosiulo.lt\/en\/wp-json\/wp\/v2\/product\/94325","targetHints":{"allow":["GET"]}}],"collection":[{"href":"https:\/\/vienosiulo.lt\/en\/wp-json\/wp\/v2\/product"}],"about":[{"href":"https:\/\/vienosiulo.lt\/en\/wp-json\/wp\/v2\/types\/product"}],"version-history":[{"count":12,"href":"https:\/\/vienosiulo.lt\/en\/wp-json\/wp\/v2\/product\/94325\/revisions"}],"predecessor-version":[{"id":95316,"href":"https:\/\/vienosiulo.lt\/en\/wp-json\/wp\/v2\/product\/94325\/revisions\/95316"}],"wp:featuredmedia":[{"embeddable":true,"href":"https:\/\/vienosiulo.lt\/en\/wp-json\/wp\/v2\/media\/93823"}],"wp:attachment":[{"href":"https:\/\/vienosiulo.lt\/en\/wp-json\/wp\/v2\/media?parent=94325"}],"wp:term":[{"taxonomy":"product_brand","embeddable":true,"href":"https:\/\/vienosiulo.lt\/en\/wp-json\/wp\/v2\/product_brand?post=94325"},{"taxonomy":"product_cat","embeddable":true,"href":"https:\/\/vienosiulo.lt\/en\/wp-json\/wp\/v2\/product_cat?post=94325"},{"taxonomy":"product_tag","embeddable":true,"href":"https:\/\/vienosiulo.lt\/en\/wp-json\/wp\/v2\/product_tag?post=94325"}],"curies":[{"name":"wp","href":"https:\/\/api.w.org\/{rel}","templated":true}]}}