{"id":94304,"date":"2024-10-30T19:05:04","date_gmt":"2024-10-30T17:05:04","guid":{"rendered":"https:\/\/vienosiulo.lt\/preke\/fatal-nun\/"},"modified":"2025-04-08T19:49:32","modified_gmt":"2025-04-08T17:49:32","slug":"smoking-nun","status":"publish","type":"product","link":"https:\/\/vienosiulo.lt\/en\/product\/smoking-nun\/","title":{"rendered":"Smoking nun"},"content":{"rendered":"\t\t<div data-elementor-type=\"product-post\" data-elementor-id=\"94304\" class=\"elementor elementor-94304 elementor-11830\" data-elementor-post-type=\"product\">\n\t\t\t\t\t\t<section class=\"elementor-section elementor-top-section elementor-element elementor-element-e3c8e2d elementor-section-boxed elementor-section-height-default elementor-section-height-default\" data-id=\"e3c8e2d\" data-element_type=\"section\" data-e-type=\"section\">\n\t\t\t\t\t\t<div class=\"elementor-container elementor-column-gap-wide\">\n\t\t\t\t\t<div class=\"elementor-column elementor-col-100 elementor-top-column elementor-element elementor-element-b80fbf0\" data-id=\"b80fbf0\" data-element_type=\"column\" data-e-type=\"column\">\n\t\t\t<div class=\"elementor-widget-wrap elementor-element-populated\">\n\t\t\t\t\t\t<div class=\"elementor-element elementor-element-a24f8ea elementor-widget elementor-widget-text-editor\" data-id=\"a24f8ea\" data-element_type=\"widget\" data-e-type=\"widget\" data-widget_type=\"text-editor.default\">\n\t\t\t\t\t\t\t\t\t<h3><strong>A smoking nun &#8211; a portrait of spiritual rebellion<\/strong><\/h3><p class=\"\" data-start=\"183\" data-end=\"634\">&#8220;The Smoking Nun is an exceptional work in a single thread, capturing the paradoxical beauty of the collision between holiness and rebellion. This portrait depicts a nun &#8211; a religious symbol of purity &#8211; in a moment of smoking, creating a strong visual and emotional contrast. The overlapping of the threads creates a slightly distorted, yet hypnotically vivid expression, reminding us of the inner world of the human being, full of silence, mystery and contradiction.  <\/p><p class=\"\" data-start=\"636\" data-end=\"1123\">The image of the nun, usually associated with devotion, asceticism and faith, is transformed here &#8211; the cigarette between the fingers becomes a powerful symbol, provoking the viewer to rethink what it means to be human. This thread art seems to speak of inner conflicts, hidden desires and the universal tension between virtue and sin, between what we are and what we want to be. The work asks the question: is faith always pure? Or is there a human frailty even in the most sacred figures?   <\/p><p class=\"\" data-start=\"1125\" data-end=\"1394\">More than a painting, it is a feeling, an idea and a visual meditation on moral boundaries, inner rebellion and the mysterious nature of man. &#8220;The Smoking Nun is perfect for contemporary interiors, where art not only decorates, but also speaks, provokes and makes you stop. <\/p><p class=\"\" data-start=\"1396\" data-end=\"1557\">Looking for a unique piece of thread art with a deep message? This portrait is a definite attention-grabber that will become an emotional accent in any space. <\/p>\t\t\t\t\t\t\t\t<\/div>\n\t\t\t\t\t<\/div>\n\t\t<\/div>\n\t\t\t\t\t<\/div>\n\t\t<\/section>\n\t\t\t\t<\/div>\n\t\t","protected":false},"excerpt":{"rendered":"<p>A smoking nun &#8211; a portrait of spiritual rebellion &#8220;The Smoking Nun is an exceptional work in a single thread, capturing the paradoxical beauty of the collision between holiness and rebellion. This portrait depicts a nun &#8211; a religious symbol of purity &#8211; in a moment of smoking, creating a strong visual and emotional contrast.&hellip;<\/p>\n","protected":false},"featured_media":93892,"template":"","meta":[],"product_brand":[],"product_cat":[411,412,386],"product_tag":[399,417,413,414,415,416,394],"class_list":{"0":"post-94304","1":"product","2":"type-product","3":"status-publish","4":"has-post-thumbnail","6":"product_cat-mystic-and-horror","7":"product_cat-adults-only","8":"product_cat-symbolism","9":"product_tag-faith","10":"product_tag-fatal","11":"product_tag-nun","12":"product_tag-revolt","13":"product_tag-smoking","14":"product_tag-smoking-nun","15":"product_tag-symbolism","17":"first","18":"instock","19":"sale","20":"featured","21":"shipping-taxable","22":"purchasable","23":"product-type-variable","24":"has-default-attributes"},"yoast_head":"<!-- This site is optimized with the Yoast SEO plugin v27.3 - https:\/\/yoast.com\/product\/yoast-seo-wordpress\/ -->\n<title>Smoking nun | Vieno Si\u016blo<\/title>\n<meta name=\"description\" content=\"The Smoking Nun is a paradoxical figure, blending religious iconography with the rebellious act of smoking.\" \/>\n<meta name=\"robots\" content=\"index, follow, max-snippet:-1, max-image-preview:large, max-video-preview:-1\" \/>\n<link rel=\"canonical\" href=\"https:\/\/vienosiulo.lt\/en\/product\/smoking-nun\/\" \/>\n<meta property=\"og:locale\" content=\"en_US\" \/>\n<meta property=\"og:type\" content=\"article\" \/>\n<meta property=\"og:title\" content=\"Smoking nun | Vieno Si\u016blo\" \/>\n<meta property=\"og:description\" content=\"The Smoking Nun is a paradoxical figure, blending religious iconography with the rebellious act of smoking.\" \/>\n<meta property=\"og:url\" content=\"https:\/\/vienosiulo.lt\/en\/product\/smoking-nun\/\" \/>\n<meta property=\"og:site_name\" content=\"Vieno Si\u016blo\" \/>\n<meta property=\"article:publisher\" content=\"https:\/\/facebook.com\/vieno.siulo\" \/>\n<meta property=\"article:modified_time\" content=\"2025-04-08T17:49:32+00:00\" \/>\n<meta property=\"og:image\" content=\"https:\/\/vienosiulo.lt\/wp-content\/uploads\/2024\/10\/rukanti-vienuole.jpg\" \/>\n\t<meta property=\"og:image:width\" content=\"1942\" \/>\n\t<meta property=\"og:image:height\" content=\"1942\" \/>\n\t<meta property=\"og:image:type\" content=\"image\/jpeg\" \/>\n<meta name=\"twitter:card\" content=\"summary_large_image\" \/>\n<meta name=\"twitter:label1\" content=\"Est. reading time\" \/>\n\t<meta name=\"twitter:data1\" content=\"2 minutes\" \/>\n<script type=\"application\/ld+json\" class=\"yoast-schema-graph\">{\"@context\":\"https:\\\/\\\/schema.org\",\"@graph\":[{\"@type\":\"WebPage\",\"@id\":\"https:\\\/\\\/vienosiulo.lt\\\/en\\\/product\\\/smoking-nun\\\/\",\"url\":\"https:\\\/\\\/vienosiulo.lt\\\/en\\\/product\\\/smoking-nun\\\/\",\"name\":\"Smoking nun | Vieno Si\u016blo\",\"isPartOf\":{\"@id\":\"https:\\\/\\\/vienosiulo.lt\\\/en\\\/#website\"},\"primaryImageOfPage\":{\"@id\":\"https:\\\/\\\/vienosiulo.lt\\\/en\\\/product\\\/smoking-nun\\\/#primaryimage\"},\"image\":{\"@id\":\"https:\\\/\\\/vienosiulo.lt\\\/en\\\/product\\\/smoking-nun\\\/#primaryimage\"},\"thumbnailUrl\":\"https:\\\/\\\/vienosiulo.lt\\\/wp-content\\\/uploads\\\/2024\\\/10\\\/rukanti-vienuole.jpg\",\"datePublished\":\"2024-10-30T17:05:04+00:00\",\"dateModified\":\"2025-04-08T17:49:32+00:00\",\"description\":\"The Smoking Nun is a paradoxical figure, blending religious iconography with the rebellious act of smoking.\",\"breadcrumb\":{\"@id\":\"https:\\\/\\\/vienosiulo.lt\\\/en\\\/product\\\/smoking-nun\\\/#breadcrumb\"},\"inLanguage\":\"en-US\",\"potentialAction\":[{\"@type\":\"ReadAction\",\"target\":[\"https:\\\/\\\/vienosiulo.lt\\\/en\\\/product\\\/smoking-nun\\\/\"]}]},{\"@type\":\"ImageObject\",\"inLanguage\":\"en-US\",\"@id\":\"https:\\\/\\\/vienosiulo.lt\\\/en\\\/product\\\/smoking-nun\\\/#primaryimage\",\"url\":\"https:\\\/\\\/vienosiulo.lt\\\/wp-content\\\/uploads\\\/2024\\\/10\\\/rukanti-vienuole.jpg\",\"contentUrl\":\"https:\\\/\\\/vienosiulo.lt\\\/wp-content\\\/uploads\\\/2024\\\/10\\\/rukanti-vienuole.jpg\",\"width\":1942,\"height\":1942},{\"@type\":\"BreadcrumbList\",\"@id\":\"https:\\\/\\\/vienosiulo.lt\\\/en\\\/product\\\/smoking-nun\\\/#breadcrumb\",\"itemListElement\":[{\"@type\":\"ListItem\",\"position\":1,\"name\":\"Pagrindinis\",\"item\":\"https:\\\/\\\/vienosiulo.lt\\\/en\\\/\"},{\"@type\":\"ListItem\",\"position\":2,\"name\":\"Shop\",\"item\":\"https:\\\/\\\/vienosiulo.lt\\\/en\\\/shop\\\/\"},{\"@type\":\"ListItem\",\"position\":3,\"name\":\"Smoking nun\"}]},{\"@type\":\"WebSite\",\"@id\":\"https:\\\/\\\/vienosiulo.lt\\\/en\\\/#website\",\"url\":\"https:\\\/\\\/vienosiulo.lt\\\/en\\\/\",\"name\":\"Vieno Si\u016blo\",\"description\":\"Rank\u0173 darbo paveikslai i\u0161 vieno si\u016blo\",\"publisher\":{\"@id\":\"https:\\\/\\\/vienosiulo.lt\\\/en\\\/#organization\"},\"potentialAction\":[{\"@type\":\"SearchAction\",\"target\":{\"@type\":\"EntryPoint\",\"urlTemplate\":\"https:\\\/\\\/vienosiulo.lt\\\/en\\\/?s={search_term_string}\"},\"query-input\":{\"@type\":\"PropertyValueSpecification\",\"valueRequired\":true,\"valueName\":\"search_term_string\"}}],\"inLanguage\":\"en-US\"},{\"@type\":\"Organization\",\"@id\":\"https:\\\/\\\/vienosiulo.lt\\\/en\\\/#organization\",\"name\":\"Vieno Si\u016blo\",\"url\":\"https:\\\/\\\/vienosiulo.lt\\\/en\\\/\",\"logo\":{\"@type\":\"ImageObject\",\"inLanguage\":\"en-US\",\"@id\":\"https:\\\/\\\/vienosiulo.lt\\\/en\\\/#\\\/schema\\\/logo\\\/image\\\/\",\"url\":\"https:\\\/\\\/vienosiulo.lt\\\/wp-content\\\/uploads\\\/2023\\\/02\\\/Asset-1.svg\",\"contentUrl\":\"https:\\\/\\\/vienosiulo.lt\\\/wp-content\\\/uploads\\\/2023\\\/02\\\/Asset-1.svg\",\"caption\":\"Vieno Si\u016blo\"},\"image\":{\"@id\":\"https:\\\/\\\/vienosiulo.lt\\\/en\\\/#\\\/schema\\\/logo\\\/image\\\/\"},\"sameAs\":[\"https:\\\/\\\/facebook.com\\\/vieno.siulo\"]}]}<\/script>\n<!-- \/ Yoast SEO plugin. -->","yoast_head_json":{"title":"Smoking nun | Vieno Si\u016blo","description":"The Smoking Nun is a paradoxical figure, blending religious iconography with the rebellious act of smoking.","robots":{"index":"index","follow":"follow","max-snippet":"max-snippet:-1","max-image-preview":"max-image-preview:large","max-video-preview":"max-video-preview:-1"},"canonical":"https:\/\/vienosiulo.lt\/en\/product\/smoking-nun\/","og_locale":"en_US","og_type":"article","og_title":"Smoking nun | Vieno Si\u016blo","og_description":"The Smoking Nun is a paradoxical figure, blending religious iconography with the rebellious act of smoking.","og_url":"https:\/\/vienosiulo.lt\/en\/product\/smoking-nun\/","og_site_name":"Vieno Si\u016blo","article_publisher":"https:\/\/facebook.com\/vieno.siulo","article_modified_time":"2025-04-08T17:49:32+00:00","og_image":[{"width":1942,"height":1942,"url":"https:\/\/vienosiulo.lt\/wp-content\/uploads\/2024\/10\/rukanti-vienuole.jpg","type":"image\/jpeg"}],"twitter_card":"summary_large_image","twitter_misc":{"Est. reading time":"2 minutes"},"schema":{"@context":"https:\/\/schema.org","@graph":[{"@type":"WebPage","@id":"https:\/\/vienosiulo.lt\/en\/product\/smoking-nun\/","url":"https:\/\/vienosiulo.lt\/en\/product\/smoking-nun\/","name":"Smoking nun | Vieno Si\u016blo","isPartOf":{"@id":"https:\/\/vienosiulo.lt\/en\/#website"},"primaryImageOfPage":{"@id":"https:\/\/vienosiulo.lt\/en\/product\/smoking-nun\/#primaryimage"},"image":{"@id":"https:\/\/vienosiulo.lt\/en\/product\/smoking-nun\/#primaryimage"},"thumbnailUrl":"https:\/\/vienosiulo.lt\/wp-content\/uploads\/2024\/10\/rukanti-vienuole.jpg","datePublished":"2024-10-30T17:05:04+00:00","dateModified":"2025-04-08T17:49:32+00:00","description":"The Smoking Nun is a paradoxical figure, blending religious iconography with the rebellious act of smoking.","breadcrumb":{"@id":"https:\/\/vienosiulo.lt\/en\/product\/smoking-nun\/#breadcrumb"},"inLanguage":"en-US","potentialAction":[{"@type":"ReadAction","target":["https:\/\/vienosiulo.lt\/en\/product\/smoking-nun\/"]}]},{"@type":"ImageObject","inLanguage":"en-US","@id":"https:\/\/vienosiulo.lt\/en\/product\/smoking-nun\/#primaryimage","url":"https:\/\/vienosiulo.lt\/wp-content\/uploads\/2024\/10\/rukanti-vienuole.jpg","contentUrl":"https:\/\/vienosiulo.lt\/wp-content\/uploads\/2024\/10\/rukanti-vienuole.jpg","width":1942,"height":1942},{"@type":"BreadcrumbList","@id":"https:\/\/vienosiulo.lt\/en\/product\/smoking-nun\/#breadcrumb","itemListElement":[{"@type":"ListItem","position":1,"name":"Pagrindinis","item":"https:\/\/vienosiulo.lt\/en\/"},{"@type":"ListItem","position":2,"name":"Shop","item":"https:\/\/vienosiulo.lt\/en\/shop\/"},{"@type":"ListItem","position":3,"name":"Smoking nun"}]},{"@type":"WebSite","@id":"https:\/\/vienosiulo.lt\/en\/#website","url":"https:\/\/vienosiulo.lt\/en\/","name":"Vieno Si\u016blo","description":"Rank\u0173 darbo paveikslai i\u0161 vieno si\u016blo","publisher":{"@id":"https:\/\/vienosiulo.lt\/en\/#organization"},"potentialAction":[{"@type":"SearchAction","target":{"@type":"EntryPoint","urlTemplate":"https:\/\/vienosiulo.lt\/en\/?s={search_term_string}"},"query-input":{"@type":"PropertyValueSpecification","valueRequired":true,"valueName":"search_term_string"}}],"inLanguage":"en-US"},{"@type":"Organization","@id":"https:\/\/vienosiulo.lt\/en\/#organization","name":"Vieno Si\u016blo","url":"https:\/\/vienosiulo.lt\/en\/","logo":{"@type":"ImageObject","inLanguage":"en-US","@id":"https:\/\/vienosiulo.lt\/en\/#\/schema\/logo\/image\/","url":"https:\/\/vienosiulo.lt\/wp-content\/uploads\/2023\/02\/Asset-1.svg","contentUrl":"https:\/\/vienosiulo.lt\/wp-content\/uploads\/2023\/02\/Asset-1.svg","caption":"Vieno Si\u016blo"},"image":{"@id":"https:\/\/vienosiulo.lt\/en\/#\/schema\/logo\/image\/"},"sameAs":["https:\/\/facebook.com\/vieno.siulo"]}]}},"_links":{"self":[{"href":"https:\/\/vienosiulo.lt\/en\/wp-json\/wp\/v2\/product\/94304","targetHints":{"allow":["GET"]}}],"collection":[{"href":"https:\/\/vienosiulo.lt\/en\/wp-json\/wp\/v2\/product"}],"about":[{"href":"https:\/\/vienosiulo.lt\/en\/wp-json\/wp\/v2\/types\/product"}],"version-history":[{"count":0,"href":"https:\/\/vienosiulo.lt\/en\/wp-json\/wp\/v2\/product\/94304\/revisions"}],"wp:featuredmedia":[{"embeddable":true,"href":"https:\/\/vienosiulo.lt\/en\/wp-json\/wp\/v2\/media\/93892"}],"wp:attachment":[{"href":"https:\/\/vienosiulo.lt\/en\/wp-json\/wp\/v2\/media?parent=94304"}],"wp:term":[{"taxonomy":"product_brand","embeddable":true,"href":"https:\/\/vienosiulo.lt\/en\/wp-json\/wp\/v2\/product_brand?post=94304"},{"taxonomy":"product_cat","embeddable":true,"href":"https:\/\/vienosiulo.lt\/en\/wp-json\/wp\/v2\/product_cat?post=94304"},{"taxonomy":"product_tag","embeddable":true,"href":"https:\/\/vienosiulo.lt\/en\/wp-json\/wp\/v2\/product_tag?post=94304"}],"curies":[{"name":"wp","href":"https:\/\/api.w.org\/{rel}","templated":true}]}}