{"id":94045,"date":"2023-02-21T09:27:57","date_gmt":"2023-02-21T07:27:57","guid":{"rendered":"https:\/\/vienosiulo.lt\/privacy-policy\/"},"modified":"2025-03-31T16:44:30","modified_gmt":"2025-03-31T14:44:30","slug":"privacy-policy","status":"publish","type":"page","link":"https:\/\/vienosiulo.lt\/en\/privacy-policy\/","title":{"rendered":"Privacy Policy"},"content":{"rendered":"\t\t<div data-elementor-type=\"wp-page\" data-elementor-id=\"94045\" class=\"elementor elementor-94045 elementor-3\" data-elementor-post-type=\"page\">\n\t\t\t\t\t\t<section class=\"elementor-section elementor-top-section elementor-element elementor-element-40d8a53 elementor-section-boxed elementor-section-height-default elementor-section-height-default\" data-id=\"40d8a53\" data-element_type=\"section\" data-e-type=\"section\">\n\t\t\t\t\t\t<div class=\"elementor-container elementor-column-gap-default\">\n\t\t\t\t\t<div class=\"elementor-column elementor-col-100 elementor-top-column elementor-element elementor-element-1ea14c0\" data-id=\"1ea14c0\" data-element_type=\"column\" data-e-type=\"column\">\n\t\t\t<div class=\"elementor-widget-wrap elementor-element-populated\">\n\t\t\t\t\t\t<div class=\"elementor-element elementor-element-5b5362c elementor-widget elementor-widget-text-editor\" data-id=\"5b5362c\" data-element_type=\"widget\" data-e-type=\"widget\" data-widget_type=\"text-editor.default\">\n\t\t\t\t\t\t\t\t\t<p>One Thread respects every visitor&#8217;s right to privacy. When visiting the vienosiulo.lt website, information is stored on the visitor&#8217;s computer (device) (cookies). This is necessary for the proper functioning of all the functions of the website. At the start of the visit, the visitor is provided with information about the use of cookies and asked for their consent. Vieno Si\u016blo also reserves the right to analyse user behaviour, purchases and other actions on the website using Google Analytics and other tools. This is done in order to provide users with the most relevant offers and to make the website even more user-friendly. One Offer does not store this information separately. <a href=\"https:\/\/policies.google.com\/privacy?hl=en-GB\">Information about Google&#8217;s privacy policy can be found here<\/a>. When registering or placing an order without registration and agreeing to the Terms of Use, visitors shall provide the following data: name, surname, email address, telephone number, address, consent to receive information. Also, if the order is individual, the customer shall provide photographs for the order. The system also receives the IP address of the client. On vienosiulo.lt, buyers have the option to pay for their orders through the systems of external suppliers. Once the relevant system has been selected, the buyer submits his\/her data to that system and Vieno Si\u016blo does not process or store this data in any additional way. payment systems used on vienosiulo.lt:<\/p>\n<ul>\n<li>OPAY &#8211; <a href=\"https:\/\/opay.eu\/lt\/teisine-informacija\/privatumo-politika\">click here for information on our privacy policy<\/a><\/li>\n<li>Paypal &#8211; <a href=\"https:\/\/www.paypal.com\/myaccount\/privacy\/privacyhub\">click here for information on our privacy policy<\/a><\/li>\n<li>Data and payment security is guaranteed by an SSL certificate.<\/li>\n<\/ul>\n<p>Vieno Offers accepts no responsibility for inaccurate or erroneous data provided by visitors. Every visitor has the opportunity to complain about incorrect data and Vieno Si\u016blo undertakes to correct them. You can do this in your account or by contacting the contact details provided. Each visitor has the right to withdraw any consents he\/she has given. Visitors&#8217; personal data is collected and processed for the following purposes:<\/p>\n<ul>\n<li>process orders for goods;<\/li>\n<li>for customer feedback;<\/li>\n<li>issue financial documents (e.g. invoices);<\/li>\n<li>fulfil other contractual obligations;<\/li>\n<li>communicate with customers on issues related to the provision of goods and services;<\/li>\n<li>for direct marketing purposes<\/li>\n<\/ul>\n<p>The data provided is stored in the system for as long as customers use the services. Each customer who contacts the above-mentioned contacts has the opportunity to obtain detailed information about the processing of his\/her personal data by Vieno Si\u016blo. Each customer has the right to delete his\/her account and thus remove his\/her data from the vienosiulo.lt system. Purchase data is kept for at least 5 years. Vieno Si\u016blo has the right to analyse non-personal customer and purchase data for statistical purposes. Vieno Offers undertakes to take all measures to ensure that the personal information of visitors and customers is properly protected. Vieno Si\u016blo undertakes to use the personal information of visitors only for the purposes set out in these rules, but reserves the right to transfer the information of visitors to third parties only in accordance with the laws of the Republic of Lithuania and the European Union. If you have any doubts that Vieno Si\u016blo is processing your data in violation of data protection legislation, please contact vienosiulo.lt using the contact details provided and we will do our best to dispel your doubts and correct any errors that may occur. These rules apply to all visitors to the website at the time of their visit. One Offer reserves the right to change these Rules without prior notice. Vieno Si\u016blo will inform you of changes to the rules on its website, but buyers must check the rules and follow them every time they place an order. For any questions regarding the Privacy Policy or the Terms of Use, please contact:<\/p>\n<p>Single Offers<\/p>\n<p><a href=\"mailto:info@vienosiulo.lt\">info@vienosiulo.lt<\/a><\/p>\n<p>+37063877754<\/p>\n<p>vienosiulo.lt<\/p>\t\t\t\t\t\t\t\t<\/div>\n\t\t\t\t\t<\/div>\n\t\t<\/div>\n\t\t\t\t\t<\/div>\n\t\t<\/section>\n\t\t\t\t<\/div>\n\t\t","protected":false},"excerpt":{"rendered":"<p>One Thread respects every visitor&#8217;s right to privacy. When visiting the vienosiulo.lt website, information is stored on the visitor&#8217;s computer (device) (cookies). This is necessary for the proper functioning of all the functions of the website. At the start of the visit, the visitor is provided with information about the use of cookies and asked&hellip;<\/p>\n","protected":false},"author":1,"featured_media":0,"parent":0,"menu_order":0,"comment_status":"closed","ping_status":"open","template":"","meta":{"footnotes":""},"class_list":["post-94045","page","type-page","status-publish","hentry"],"yoast_head":"<!-- This site is optimized with the Yoast SEO plugin v27.3 - https:\/\/yoast.com\/product\/yoast-seo-wordpress\/ -->\n<title>Privacy Policy | Vieno Si\u016blo<\/title>\n<meta name=\"robots\" content=\"index, follow, max-snippet:-1, max-image-preview:large, max-video-preview:-1\" \/>\n<link rel=\"canonical\" href=\"https:\/\/vienosiulo.lt\/en\/privacy-policy\/\" \/>\n<meta property=\"og:locale\" content=\"en_US\" \/>\n<meta property=\"og:type\" content=\"article\" \/>\n<meta property=\"og:title\" content=\"Privacy Policy | Vieno Si\u016blo\" \/>\n<meta property=\"og:description\" content=\"One Thread respects every visitor&#8217;s right to privacy. When visiting the vienosiulo.lt website, information is stored on the visitor&#8217;s computer (device) (cookies). This is necessary for the proper functioning of all the functions of the website. At the start of the visit, the visitor is provided with information about the use of cookies and asked&hellip;\" \/>\n<meta property=\"og:url\" content=\"https:\/\/vienosiulo.lt\/en\/privacy-policy\/\" \/>\n<meta property=\"og:site_name\" content=\"Vieno Si\u016blo\" \/>\n<meta property=\"article:publisher\" content=\"https:\/\/facebook.com\/vieno.siulo\" \/>\n<meta property=\"article:modified_time\" content=\"2025-03-31T14:44:30+00:00\" \/>\n<meta name=\"twitter:card\" content=\"summary_large_image\" \/>\n<meta name=\"twitter:label1\" content=\"Est. reading time\" \/>\n\t<meta name=\"twitter:data1\" content=\"3 minutes\" \/>\n<script type=\"application\/ld+json\" class=\"yoast-schema-graph\">{\"@context\":\"https:\\\/\\\/schema.org\",\"@graph\":[{\"@type\":\"WebPage\",\"@id\":\"https:\\\/\\\/vienosiulo.lt\\\/en\\\/privacy-policy\\\/\",\"url\":\"https:\\\/\\\/vienosiulo.lt\\\/en\\\/privacy-policy\\\/\",\"name\":\"Privacy Policy | Vieno Si\u016blo\",\"isPartOf\":{\"@id\":\"https:\\\/\\\/vienosiulo.lt\\\/en\\\/#website\"},\"datePublished\":\"2023-02-21T07:27:57+00:00\",\"dateModified\":\"2025-03-31T14:44:30+00:00\",\"breadcrumb\":{\"@id\":\"https:\\\/\\\/vienosiulo.lt\\\/en\\\/privacy-policy\\\/#breadcrumb\"},\"inLanguage\":\"en-US\",\"potentialAction\":[{\"@type\":\"ReadAction\",\"target\":[\"https:\\\/\\\/vienosiulo.lt\\\/en\\\/privacy-policy\\\/\"]}]},{\"@type\":\"BreadcrumbList\",\"@id\":\"https:\\\/\\\/vienosiulo.lt\\\/en\\\/privacy-policy\\\/#breadcrumb\",\"itemListElement\":[{\"@type\":\"ListItem\",\"position\":1,\"name\":\"Pagrindinis\",\"item\":\"https:\\\/\\\/vienosiulo.lt\\\/en\\\/\"},{\"@type\":\"ListItem\",\"position\":2,\"name\":\"Privacy Policy\"}]},{\"@type\":\"WebSite\",\"@id\":\"https:\\\/\\\/vienosiulo.lt\\\/en\\\/#website\",\"url\":\"https:\\\/\\\/vienosiulo.lt\\\/en\\\/\",\"name\":\"Vieno Si\u016blo\",\"description\":\"Rank\u0173 darbo paveikslai i\u0161 vieno si\u016blo\",\"publisher\":{\"@id\":\"https:\\\/\\\/vienosiulo.lt\\\/en\\\/#organization\"},\"potentialAction\":[{\"@type\":\"SearchAction\",\"target\":{\"@type\":\"EntryPoint\",\"urlTemplate\":\"https:\\\/\\\/vienosiulo.lt\\\/en\\\/?s={search_term_string}\"},\"query-input\":{\"@type\":\"PropertyValueSpecification\",\"valueRequired\":true,\"valueName\":\"search_term_string\"}}],\"inLanguage\":\"en-US\"},{\"@type\":\"Organization\",\"@id\":\"https:\\\/\\\/vienosiulo.lt\\\/en\\\/#organization\",\"name\":\"Vieno Si\u016blo\",\"url\":\"https:\\\/\\\/vienosiulo.lt\\\/en\\\/\",\"logo\":{\"@type\":\"ImageObject\",\"inLanguage\":\"en-US\",\"@id\":\"https:\\\/\\\/vienosiulo.lt\\\/en\\\/#\\\/schema\\\/logo\\\/image\\\/\",\"url\":\"https:\\\/\\\/vienosiulo.lt\\\/wp-content\\\/uploads\\\/2023\\\/02\\\/Asset-1.svg\",\"contentUrl\":\"https:\\\/\\\/vienosiulo.lt\\\/wp-content\\\/uploads\\\/2023\\\/02\\\/Asset-1.svg\",\"caption\":\"Vieno Si\u016blo\"},\"image\":{\"@id\":\"https:\\\/\\\/vienosiulo.lt\\\/en\\\/#\\\/schema\\\/logo\\\/image\\\/\"},\"sameAs\":[\"https:\\\/\\\/facebook.com\\\/vieno.siulo\"]}]}<\/script>\n<!-- \/ Yoast SEO plugin. -->","yoast_head_json":{"title":"Privacy Policy | Vieno Si\u016blo","robots":{"index":"index","follow":"follow","max-snippet":"max-snippet:-1","max-image-preview":"max-image-preview:large","max-video-preview":"max-video-preview:-1"},"canonical":"https:\/\/vienosiulo.lt\/en\/privacy-policy\/","og_locale":"en_US","og_type":"article","og_title":"Privacy Policy | Vieno Si\u016blo","og_description":"One Thread respects every visitor&#8217;s right to privacy. When visiting the vienosiulo.lt website, information is stored on the visitor&#8217;s computer (device) (cookies). This is necessary for the proper functioning of all the functions of the website. At the start of the visit, the visitor is provided with information about the use of cookies and asked&hellip;","og_url":"https:\/\/vienosiulo.lt\/en\/privacy-policy\/","og_site_name":"Vieno Si\u016blo","article_publisher":"https:\/\/facebook.com\/vieno.siulo","article_modified_time":"2025-03-31T14:44:30+00:00","twitter_card":"summary_large_image","twitter_misc":{"Est. reading time":"3 minutes"},"schema":{"@context":"https:\/\/schema.org","@graph":[{"@type":"WebPage","@id":"https:\/\/vienosiulo.lt\/en\/privacy-policy\/","url":"https:\/\/vienosiulo.lt\/en\/privacy-policy\/","name":"Privacy Policy | Vieno Si\u016blo","isPartOf":{"@id":"https:\/\/vienosiulo.lt\/en\/#website"},"datePublished":"2023-02-21T07:27:57+00:00","dateModified":"2025-03-31T14:44:30+00:00","breadcrumb":{"@id":"https:\/\/vienosiulo.lt\/en\/privacy-policy\/#breadcrumb"},"inLanguage":"en-US","potentialAction":[{"@type":"ReadAction","target":["https:\/\/vienosiulo.lt\/en\/privacy-policy\/"]}]},{"@type":"BreadcrumbList","@id":"https:\/\/vienosiulo.lt\/en\/privacy-policy\/#breadcrumb","itemListElement":[{"@type":"ListItem","position":1,"name":"Pagrindinis","item":"https:\/\/vienosiulo.lt\/en\/"},{"@type":"ListItem","position":2,"name":"Privacy Policy"}]},{"@type":"WebSite","@id":"https:\/\/vienosiulo.lt\/en\/#website","url":"https:\/\/vienosiulo.lt\/en\/","name":"Vieno Si\u016blo","description":"Rank\u0173 darbo paveikslai i\u0161 vieno si\u016blo","publisher":{"@id":"https:\/\/vienosiulo.lt\/en\/#organization"},"potentialAction":[{"@type":"SearchAction","target":{"@type":"EntryPoint","urlTemplate":"https:\/\/vienosiulo.lt\/en\/?s={search_term_string}"},"query-input":{"@type":"PropertyValueSpecification","valueRequired":true,"valueName":"search_term_string"}}],"inLanguage":"en-US"},{"@type":"Organization","@id":"https:\/\/vienosiulo.lt\/en\/#organization","name":"Vieno Si\u016blo","url":"https:\/\/vienosiulo.lt\/en\/","logo":{"@type":"ImageObject","inLanguage":"en-US","@id":"https:\/\/vienosiulo.lt\/en\/#\/schema\/logo\/image\/","url":"https:\/\/vienosiulo.lt\/wp-content\/uploads\/2023\/02\/Asset-1.svg","contentUrl":"https:\/\/vienosiulo.lt\/wp-content\/uploads\/2023\/02\/Asset-1.svg","caption":"Vieno Si\u016blo"},"image":{"@id":"https:\/\/vienosiulo.lt\/en\/#\/schema\/logo\/image\/"},"sameAs":["https:\/\/facebook.com\/vieno.siulo"]}]}},"_links":{"self":[{"href":"https:\/\/vienosiulo.lt\/en\/wp-json\/wp\/v2\/pages\/94045","targetHints":{"allow":["GET"]}}],"collection":[{"href":"https:\/\/vienosiulo.lt\/en\/wp-json\/wp\/v2\/pages"}],"about":[{"href":"https:\/\/vienosiulo.lt\/en\/wp-json\/wp\/v2\/types\/page"}],"author":[{"embeddable":true,"href":"https:\/\/vienosiulo.lt\/en\/wp-json\/wp\/v2\/users\/1"}],"replies":[{"embeddable":true,"href":"https:\/\/vienosiulo.lt\/en\/wp-json\/wp\/v2\/comments?post=94045"}],"version-history":[{"count":0,"href":"https:\/\/vienosiulo.lt\/en\/wp-json\/wp\/v2\/pages\/94045\/revisions"}],"wp:attachment":[{"href":"https:\/\/vienosiulo.lt\/en\/wp-json\/wp\/v2\/media?parent=94045"}],"curies":[{"name":"wp","href":"https:\/\/api.w.org\/{rel}","templated":true}]}}