{"id":94038,"date":"2020-03-31T15:50:28","date_gmt":"2020-03-31T13:50:28","guid":{"rendered":"https:\/\/vienosiulo.lt\/our-contacts\/"},"modified":"2025-04-01T19:05:11","modified_gmt":"2025-04-01T17:05:11","slug":"our-contacts","status":"publish","type":"page","link":"https:\/\/vienosiulo.lt\/en\/our-contacts\/","title":{"rendered":"Our contacts"},"content":{"rendered":"\t\t<div data-elementor-type=\"wp-page\" data-elementor-id=\"94038\" class=\"elementor elementor-94038 elementor-420\" data-elementor-post-type=\"page\">\n\t\t\t\t<div class=\"elementor-element elementor-element-5d1d9e9 e-grid e-con-boxed e-con e-parent\" data-id=\"5d1d9e9\" data-element_type=\"container\" data-e-type=\"container\">\n\t\t\t\t\t<div class=\"e-con-inner\">\n\t\t\t\t<div class=\"elementor-element elementor-element-917da5d content-align-center icon-position-top icon-vertical-align-center icon-box-vertical-align-top elementor-widget elementor-widget-the7_icon_box_widget\" data-id=\"917da5d\" data-element_type=\"widget\" data-e-type=\"widget\" data-widget_type=\"the7_icon_box_widget.default\">\n\t\t\t\t<div class=\"elementor-widget-container\">\n\t\t\t\t\t\n\t\t<div class=\"the7-box-wrapper the7-elementor-widget the7_icon_box_widget-917da5d\">\t\t\t<div class=\"box-content-wrapper\">\n\t\t\t\t\t\t\t\t\t<a class=\"elementor-icon-div\" >\t\t\t\t\t\t<div class=\"elementor-icon\">\n\t\t\t\t\t\t\t<i aria-hidden=\"true\" class=\" icomoon-the7-font-the7-phone-051\"><\/i>\t\t\t\t\t\t<\/div>\n\t\t\t\t\t<\/a>\t\t\t\t\t\t\t\t<div class=\"box-content\">\n\t\t\t\t\t\t\t\t\t\t\t\t\t\t\t\t<div class=\"box-description\">+370 666 01601<\/div>\n\t\t\t\t\t\n\t\t\t\t\t\n\t\t\t\t<\/div>\n\t\t\t<\/div>\n\t\t<\/div>\t\t\t\t\t<\/div>\n\t\t\t\t<\/div>\n\t\t\t\t<div class=\"elementor-element elementor-element-a6cdf01 content-align-center icon-position-top icon-vertical-align-center icon-box-vertical-align-top elementor-widget elementor-widget-the7_icon_box_widget\" data-id=\"a6cdf01\" data-element_type=\"widget\" data-e-type=\"widget\" data-widget_type=\"the7_icon_box_widget.default\">\n\t\t\t\t<div class=\"elementor-widget-container\">\n\t\t\t\t\t\n\t\t<div class=\"the7-box-wrapper the7-elementor-widget the7_icon_box_widget-a6cdf01\">\t\t\t<div class=\"box-content-wrapper\">\n\t\t\t\t\t\t\t\t\t<a class=\"elementor-icon-div\" >\t\t\t\t\t\t<div class=\"elementor-icon\">\n\t\t\t\t\t\t\t<i aria-hidden=\"true\" class=\" icomoon-the7-font-the7-mail-mail-06\"><\/i>\t\t\t\t\t\t<\/div>\n\t\t\t\t\t<\/a>\t\t\t\t\t\t\t\t<div class=\"box-content\">\n\t\t\t\t\t\t\t\t\t\t\t\t\t\t\t\t<div class=\"box-description\">info@vienosiulo.lt<\/div>\n\t\t\t\t\t\n\t\t\t\t\t\n\t\t\t\t<\/div>\n\t\t\t<\/div>\n\t\t<\/div>\t\t\t\t\t<\/div>\n\t\t\t\t<\/div>\n\t\t\t\t<div class=\"elementor-element elementor-element-f76fb41 content-align-center icon-position-top icon-vertical-align-center icon-box-vertical-align-top elementor-widget elementor-widget-the7_icon_box_widget\" data-id=\"f76fb41\" data-element_type=\"widget\" data-e-type=\"widget\" data-widget_type=\"the7_icon_box_widget.default\">\n\t\t\t\t<div class=\"elementor-widget-container\">\n\t\t\t\t\t\n\t\t<div class=\"the7-box-wrapper the7-elementor-widget the7_icon_box_widget-f76fb41\">\t\t\t<div class=\"box-content-wrapper\">\n\t\t\t\t\t\t\t\t\t<a class=\"elementor-icon-div\" >\t\t\t\t\t\t<div class=\"elementor-icon\">\n\t\t\t\t\t\t\t<i aria-hidden=\"true\" class=\" icomoon-the7-font-the7-map-05\"><\/i>\t\t\t\t\t\t<\/div>\n\t\t\t\t\t<\/a>\t\t\t\t\t\t\t\t<div class=\"box-content\">\n\t\t\t\t\t\t\t\t\t\t\t\t\t\t\t\t<div class=\"box-description\">Vilnius, Lithuania<\/div>\n\t\t\t\t\t\n\t\t\t\t\t\n\t\t\t\t<\/div>\n\t\t\t<\/div>\n\t\t<\/div>\t\t\t\t\t<\/div>\n\t\t\t\t<\/div>\n\t\t\t\t\t<\/div>\n\t\t\t\t<\/div>\n\t\t<div class=\"elementor-element elementor-element-a28c75e e-flex e-con-boxed e-con e-parent\" data-id=\"a28c75e\" data-element_type=\"container\" data-e-type=\"container\">\n\t\t\t\t\t<div class=\"e-con-inner\">\n\t\t\t\t<div class=\"elementor-element elementor-element-b1915e2 elementor-widget elementor-widget-heading\" data-id=\"b1915e2\" data-element_type=\"widget\" data-e-type=\"widget\" data-widget_type=\"heading.default\">\n\t\t\t\t\t<h3 class=\"elementor-heading-title elementor-size-default\">Follow us on social media <\/h3>\t\t\t\t<\/div>\n\t\t\t\t<div class=\"elementor-element elementor-element-e1c74c8 elementor-shape-circle e-grid-align-mobile-center elementor-grid-0 e-grid-align-center elementor-widget elementor-widget-social-icons\" data-id=\"e1c74c8\" data-element_type=\"widget\" data-e-type=\"widget\" data-widget_type=\"social-icons.default\">\n\t\t\t\t\t\t\t<div class=\"elementor-social-icons-wrapper elementor-grid\" role=\"list\">\n\t\t\t\t\t\t\t<span class=\"elementor-grid-item\" role=\"listitem\">\n\t\t\t\t\t<a class=\"elementor-icon elementor-social-icon elementor-social-icon-facebook elementor-animation-pulse elementor-repeater-item-3c3dc4a\" href=\"https:\/\/www.facebook.com\/vieno.siulo\" target=\"_blank\">\n\t\t\t\t\t\t<span class=\"elementor-screen-only\">Facebook<\/span>\n\t\t\t\t\t\t<i aria-hidden=\"true\" class=\"fab fa-facebook\"><\/i>\t\t\t\t\t<\/a>\n\t\t\t\t<\/span>\n\t\t\t\t\t\t\t<span class=\"elementor-grid-item\" role=\"listitem\">\n\t\t\t\t\t<a class=\"elementor-icon elementor-social-icon elementor-social-icon-tiktok elementor-animation-pulse elementor-repeater-item-b389adb\" href=\"https:\/\/www.tiktok.com\/@vienosiulo\" target=\"_blank\">\n\t\t\t\t\t\t<span class=\"elementor-screen-only\">Tiktok<\/span>\n\t\t\t\t\t\t<i aria-hidden=\"true\" class=\"fab fa-tiktok\"><\/i>\t\t\t\t\t<\/a>\n\t\t\t\t<\/span>\n\t\t\t\t\t\t\t<span class=\"elementor-grid-item\" role=\"listitem\">\n\t\t\t\t\t<a class=\"elementor-icon elementor-social-icon elementor-social-icon-instagram elementor-animation-pulse elementor-repeater-item-c54b3de\" href=\"https:\/\/www.instagram.com\/vieno.siulo\/\" target=\"_blank\">\n\t\t\t\t\t\t<span class=\"elementor-screen-only\">Instagram<\/span>\n\t\t\t\t\t\t<i aria-hidden=\"true\" class=\"fab fa-instagram\"><\/i>\t\t\t\t\t<\/a>\n\t\t\t\t<\/span>\n\t\t\t\t\t<\/div>\n\t\t\t\t\t\t<\/div>\n\t\t\t\t\t<\/div>\n\t\t\t\t<\/div>\n\t\t<div class=\"elementor-element elementor-element-a7b36e1 e-flex e-con-boxed e-con e-parent\" data-id=\"a7b36e1\" data-element_type=\"container\" data-e-type=\"container\">\n\t\t\t\t\t<div class=\"e-con-inner\">\n\t\t\t\t<div class=\"elementor-element elementor-element-61ebb05 elementor-widget elementor-widget-heading\" data-id=\"61ebb05\" data-element_type=\"widget\" data-e-type=\"widget\" data-widget_type=\"heading.default\">\n\t\t\t\t\t<h3 class=\"elementor-heading-title elementor-size-default\">Got questions? Email us now! <\/h3>\t\t\t\t<\/div>\n\t\t\t\t<div class=\"elementor-element elementor-element-bf1b6e5 elementor-widget__width-initial elementor-widget-mobile__width-inherit elementor-widget elementor-widget-shortcode\" data-id=\"bf1b6e5\" data-element_type=\"widget\" data-e-type=\"widget\" data-widget_type=\"shortcode.default\">\n\t\t\t\t\t\t\t<div class=\"elementor-shortcode\"><form id=\"forminator-module-94756\" class=\"forminator-custom-form forminator-custom-form-94756\" method=\"post\" data-forminator-render=\"0\" data-uid=\"69dd21fc65a89\"><div role=\"alert\" aria-live=\"polite\" class=\"forminator-response-message forminator-error\" aria-hidden=\"true\"><\/div><\/form><\/div>\n\t\t\t\t\t\t<\/div>\n\t\t\t\t\t<\/div>\n\t\t\t\t<\/div>\n\t\t\t\t<\/div>\n\t\t","protected":false},"excerpt":{"rendered":"<p>+370 666 01601 info@vienosiulo.lt Vilnius, Lithuania Follow us on social media Facebook Tiktok Instagram Got questions? Email us now!<\/p>\n","protected":false},"author":1,"featured_media":93684,"parent":0,"menu_order":150,"comment_status":"closed","ping_status":"closed","template":"","meta":{"footnotes":""},"class_list":["post-94038","page","type-page","status-publish","has-post-thumbnail","hentry"],"yoast_head":"<!-- This site is optimized with the Yoast SEO plugin v27.3 - https:\/\/yoast.com\/product\/yoast-seo-wordpress\/ -->\n<title>Our contacts | Vieno Si\u016blo<\/title>\n<meta name=\"description\" content=\"Our contacts - get in touch! We&#039;ll answer your questions in any way that suits you: by phone, email or social media.\" \/>\n<meta name=\"robots\" content=\"index, follow, max-snippet:-1, max-image-preview:large, max-video-preview:-1\" \/>\n<link rel=\"canonical\" href=\"https:\/\/vienosiulo.lt\/en\/our-contacts\/\" \/>\n<meta property=\"og:locale\" content=\"en_US\" \/>\n<meta property=\"og:type\" content=\"article\" \/>\n<meta property=\"og:title\" content=\"Our contacts | Vieno Si\u016blo\" \/>\n<meta property=\"og:description\" content=\"Our contacts - get in touch! We&#039;ll answer your questions in any way that suits you: by phone, email or social media.\" \/>\n<meta property=\"og:url\" content=\"https:\/\/vienosiulo.lt\/en\/our-contacts\/\" \/>\n<meta property=\"og:site_name\" content=\"Vieno Si\u016blo\" \/>\n<meta property=\"article:publisher\" content=\"https:\/\/facebook.com\/vieno.siulo\" \/>\n<meta property=\"article:modified_time\" content=\"2025-04-01T17:05:11+00:00\" \/>\n<meta property=\"og:image\" content=\"https:\/\/vienosiulo.lt\/wp-content\/uploads\/2023\/02\/logo1.png\" \/>\n\t<meta property=\"og:image:width\" content=\"445\" \/>\n\t<meta property=\"og:image:height\" content=\"455\" \/>\n\t<meta property=\"og:image:type\" content=\"image\/png\" \/>\n<meta name=\"twitter:card\" content=\"summary_large_image\" \/>\n<meta name=\"twitter:label1\" content=\"Est. reading time\" \/>\n\t<meta name=\"twitter:data1\" content=\"1 minute\" \/>\n<script type=\"application\/ld+json\" class=\"yoast-schema-graph\">{\"@context\":\"https:\\\/\\\/schema.org\",\"@graph\":[{\"@type\":\"WebPage\",\"@id\":\"https:\\\/\\\/vienosiulo.lt\\\/en\\\/our-contacts\\\/\",\"url\":\"https:\\\/\\\/vienosiulo.lt\\\/en\\\/our-contacts\\\/\",\"name\":\"Our contacts | Vieno Si\u016blo\",\"isPartOf\":{\"@id\":\"https:\\\/\\\/vienosiulo.lt\\\/en\\\/#website\"},\"primaryImageOfPage\":{\"@id\":\"https:\\\/\\\/vienosiulo.lt\\\/en\\\/our-contacts\\\/#primaryimage\"},\"image\":{\"@id\":\"https:\\\/\\\/vienosiulo.lt\\\/en\\\/our-contacts\\\/#primaryimage\"},\"thumbnailUrl\":\"https:\\\/\\\/vienosiulo.lt\\\/wp-content\\\/uploads\\\/2023\\\/02\\\/logo1.png\",\"datePublished\":\"2020-03-31T13:50:28+00:00\",\"dateModified\":\"2025-04-01T17:05:11+00:00\",\"description\":\"Our contacts - get in touch! We'll answer your questions in any way that suits you: by phone, email or social media.\",\"breadcrumb\":{\"@id\":\"https:\\\/\\\/vienosiulo.lt\\\/en\\\/our-contacts\\\/#breadcrumb\"},\"inLanguage\":\"en-US\",\"potentialAction\":[{\"@type\":\"ReadAction\",\"target\":[\"https:\\\/\\\/vienosiulo.lt\\\/en\\\/our-contacts\\\/\"]}]},{\"@type\":\"ImageObject\",\"inLanguage\":\"en-US\",\"@id\":\"https:\\\/\\\/vienosiulo.lt\\\/en\\\/our-contacts\\\/#primaryimage\",\"url\":\"https:\\\/\\\/vienosiulo.lt\\\/wp-content\\\/uploads\\\/2023\\\/02\\\/logo1.png\",\"contentUrl\":\"https:\\\/\\\/vienosiulo.lt\\\/wp-content\\\/uploads\\\/2023\\\/02\\\/logo1.png\",\"width\":445,\"height\":455},{\"@type\":\"BreadcrumbList\",\"@id\":\"https:\\\/\\\/vienosiulo.lt\\\/en\\\/our-contacts\\\/#breadcrumb\",\"itemListElement\":[{\"@type\":\"ListItem\",\"position\":1,\"name\":\"Pagrindinis\",\"item\":\"https:\\\/\\\/vienosiulo.lt\\\/en\\\/\"},{\"@type\":\"ListItem\",\"position\":2,\"name\":\"Our contacts\"}]},{\"@type\":\"WebSite\",\"@id\":\"https:\\\/\\\/vienosiulo.lt\\\/en\\\/#website\",\"url\":\"https:\\\/\\\/vienosiulo.lt\\\/en\\\/\",\"name\":\"Vieno Si\u016blo\",\"description\":\"Rank\u0173 darbo paveikslai i\u0161 vieno si\u016blo\",\"publisher\":{\"@id\":\"https:\\\/\\\/vienosiulo.lt\\\/en\\\/#organization\"},\"potentialAction\":[{\"@type\":\"SearchAction\",\"target\":{\"@type\":\"EntryPoint\",\"urlTemplate\":\"https:\\\/\\\/vienosiulo.lt\\\/en\\\/?s={search_term_string}\"},\"query-input\":{\"@type\":\"PropertyValueSpecification\",\"valueRequired\":true,\"valueName\":\"search_term_string\"}}],\"inLanguage\":\"en-US\"},{\"@type\":\"Organization\",\"@id\":\"https:\\\/\\\/vienosiulo.lt\\\/en\\\/#organization\",\"name\":\"Vieno Si\u016blo\",\"url\":\"https:\\\/\\\/vienosiulo.lt\\\/en\\\/\",\"logo\":{\"@type\":\"ImageObject\",\"inLanguage\":\"en-US\",\"@id\":\"https:\\\/\\\/vienosiulo.lt\\\/en\\\/#\\\/schema\\\/logo\\\/image\\\/\",\"url\":\"https:\\\/\\\/vienosiulo.lt\\\/wp-content\\\/uploads\\\/2023\\\/02\\\/Asset-1.svg\",\"contentUrl\":\"https:\\\/\\\/vienosiulo.lt\\\/wp-content\\\/uploads\\\/2023\\\/02\\\/Asset-1.svg\",\"caption\":\"Vieno Si\u016blo\"},\"image\":{\"@id\":\"https:\\\/\\\/vienosiulo.lt\\\/en\\\/#\\\/schema\\\/logo\\\/image\\\/\"},\"sameAs\":[\"https:\\\/\\\/facebook.com\\\/vieno.siulo\"]}]}<\/script>\n<!-- \/ Yoast SEO plugin. -->","yoast_head_json":{"title":"Our contacts | Vieno Si\u016blo","description":"Our contacts - get in touch! We'll answer your questions in any way that suits you: by phone, email or social media.","robots":{"index":"index","follow":"follow","max-snippet":"max-snippet:-1","max-image-preview":"max-image-preview:large","max-video-preview":"max-video-preview:-1"},"canonical":"https:\/\/vienosiulo.lt\/en\/our-contacts\/","og_locale":"en_US","og_type":"article","og_title":"Our contacts | Vieno Si\u016blo","og_description":"Our contacts - get in touch! We'll answer your questions in any way that suits you: by phone, email or social media.","og_url":"https:\/\/vienosiulo.lt\/en\/our-contacts\/","og_site_name":"Vieno Si\u016blo","article_publisher":"https:\/\/facebook.com\/vieno.siulo","article_modified_time":"2025-04-01T17:05:11+00:00","og_image":[{"width":445,"height":455,"url":"https:\/\/vienosiulo.lt\/wp-content\/uploads\/2023\/02\/logo1.png","type":"image\/png"}],"twitter_card":"summary_large_image","twitter_misc":{"Est. reading time":"1 minute"},"schema":{"@context":"https:\/\/schema.org","@graph":[{"@type":"WebPage","@id":"https:\/\/vienosiulo.lt\/en\/our-contacts\/","url":"https:\/\/vienosiulo.lt\/en\/our-contacts\/","name":"Our contacts | Vieno Si\u016blo","isPartOf":{"@id":"https:\/\/vienosiulo.lt\/en\/#website"},"primaryImageOfPage":{"@id":"https:\/\/vienosiulo.lt\/en\/our-contacts\/#primaryimage"},"image":{"@id":"https:\/\/vienosiulo.lt\/en\/our-contacts\/#primaryimage"},"thumbnailUrl":"https:\/\/vienosiulo.lt\/wp-content\/uploads\/2023\/02\/logo1.png","datePublished":"2020-03-31T13:50:28+00:00","dateModified":"2025-04-01T17:05:11+00:00","description":"Our contacts - get in touch! We'll answer your questions in any way that suits you: by phone, email or social media.","breadcrumb":{"@id":"https:\/\/vienosiulo.lt\/en\/our-contacts\/#breadcrumb"},"inLanguage":"en-US","potentialAction":[{"@type":"ReadAction","target":["https:\/\/vienosiulo.lt\/en\/our-contacts\/"]}]},{"@type":"ImageObject","inLanguage":"en-US","@id":"https:\/\/vienosiulo.lt\/en\/our-contacts\/#primaryimage","url":"https:\/\/vienosiulo.lt\/wp-content\/uploads\/2023\/02\/logo1.png","contentUrl":"https:\/\/vienosiulo.lt\/wp-content\/uploads\/2023\/02\/logo1.png","width":445,"height":455},{"@type":"BreadcrumbList","@id":"https:\/\/vienosiulo.lt\/en\/our-contacts\/#breadcrumb","itemListElement":[{"@type":"ListItem","position":1,"name":"Pagrindinis","item":"https:\/\/vienosiulo.lt\/en\/"},{"@type":"ListItem","position":2,"name":"Our contacts"}]},{"@type":"WebSite","@id":"https:\/\/vienosiulo.lt\/en\/#website","url":"https:\/\/vienosiulo.lt\/en\/","name":"Vieno Si\u016blo","description":"Rank\u0173 darbo paveikslai i\u0161 vieno si\u016blo","publisher":{"@id":"https:\/\/vienosiulo.lt\/en\/#organization"},"potentialAction":[{"@type":"SearchAction","target":{"@type":"EntryPoint","urlTemplate":"https:\/\/vienosiulo.lt\/en\/?s={search_term_string}"},"query-input":{"@type":"PropertyValueSpecification","valueRequired":true,"valueName":"search_term_string"}}],"inLanguage":"en-US"},{"@type":"Organization","@id":"https:\/\/vienosiulo.lt\/en\/#organization","name":"Vieno Si\u016blo","url":"https:\/\/vienosiulo.lt\/en\/","logo":{"@type":"ImageObject","inLanguage":"en-US","@id":"https:\/\/vienosiulo.lt\/en\/#\/schema\/logo\/image\/","url":"https:\/\/vienosiulo.lt\/wp-content\/uploads\/2023\/02\/Asset-1.svg","contentUrl":"https:\/\/vienosiulo.lt\/wp-content\/uploads\/2023\/02\/Asset-1.svg","caption":"Vieno Si\u016blo"},"image":{"@id":"https:\/\/vienosiulo.lt\/en\/#\/schema\/logo\/image\/"},"sameAs":["https:\/\/facebook.com\/vieno.siulo"]}]}},"_links":{"self":[{"href":"https:\/\/vienosiulo.lt\/en\/wp-json\/wp\/v2\/pages\/94038","targetHints":{"allow":["GET"]}}],"collection":[{"href":"https:\/\/vienosiulo.lt\/en\/wp-json\/wp\/v2\/pages"}],"about":[{"href":"https:\/\/vienosiulo.lt\/en\/wp-json\/wp\/v2\/types\/page"}],"author":[{"embeddable":true,"href":"https:\/\/vienosiulo.lt\/en\/wp-json\/wp\/v2\/users\/1"}],"replies":[{"embeddable":true,"href":"https:\/\/vienosiulo.lt\/en\/wp-json\/wp\/v2\/comments?post=94038"}],"version-history":[{"count":0,"href":"https:\/\/vienosiulo.lt\/en\/wp-json\/wp\/v2\/pages\/94038\/revisions"}],"wp:featuredmedia":[{"embeddable":true,"href":"https:\/\/vienosiulo.lt\/en\/wp-json\/wp\/v2\/media\/93684"}],"wp:attachment":[{"href":"https:\/\/vienosiulo.lt\/en\/wp-json\/wp\/v2\/media?parent=94038"}],"curies":[{"name":"wp","href":"https:\/\/api.w.org\/{rel}","templated":true}]}}