{"id":93576,"date":"2021-04-27T16:22:26","date_gmt":"2021-04-27T14:22:26","guid":{"rendered":"https:\/\/vienosiulo.lt\/cart\/"},"modified":"2025-04-01T18:21:50","modified_gmt":"2025-04-01T16:21:50","slug":"cart","status":"publish","type":"page","link":"https:\/\/vienosiulo.lt\/en\/cart\/","title":{"rendered":"Cart"},"content":{"rendered":"\t\t<div data-elementor-type=\"wp-page\" data-elementor-id=\"93576\" class=\"elementor elementor-93576 elementor-3188\" data-elementor-post-type=\"page\">\n\t\t\t\t\t\t<section class=\"elementor-section elementor-top-section elementor-element elementor-element-237f56d elementor-section-boxed elementor-section-height-default elementor-section-height-default\" data-id=\"237f56d\" data-element_type=\"section\" data-e-type=\"section\">\n\t\t\t\t\t\t<div class=\"elementor-container elementor-column-gap-default\">\n\t\t\t\t\t<div class=\"elementor-column elementor-col-100 elementor-top-column elementor-element elementor-element-71e7218\" data-id=\"71e7218\" data-element_type=\"column\" data-e-type=\"column\">\n\t\t\t<div class=\"elementor-widget-wrap elementor-element-populated\">\n\t\t\t\t\t\t\t<\/div>\n\t\t<\/div>\n\t\t\t\t\t<\/div>\n\t\t<\/section>\n\t\t\t\t<\/div>\n\t\t","protected":false},"excerpt":{"rendered":"","protected":false},"author":1,"featured_media":0,"parent":0,"menu_order":0,"comment_status":"closed","ping_status":"closed","template":"","meta":{"footnotes":""},"class_list":["post-93576","page","type-page","status-publish","hentry"],"yoast_head":"<!-- This site is optimized with the Yoast SEO plugin v27.3 - https:\/\/yoast.com\/product\/yoast-seo-wordpress\/ -->\n<title>Cart | Vieno Si\u016blo<\/title>\n<meta name=\"robots\" content=\"index, follow, max-snippet:-1, max-image-preview:large, max-video-preview:-1\" \/>\n<link rel=\"canonical\" href=\"https:\/\/vienosiulo.lt\/en\/cart\/\" \/>\n<meta property=\"og:locale\" content=\"en_US\" \/>\n<meta property=\"og:type\" content=\"article\" \/>\n<meta property=\"og:title\" content=\"Cart | Vieno Si\u016blo\" \/>\n<meta property=\"og:url\" content=\"https:\/\/vienosiulo.lt\/en\/cart\/\" \/>\n<meta property=\"og:site_name\" content=\"Vieno Si\u016blo\" \/>\n<meta property=\"article:publisher\" content=\"https:\/\/facebook.com\/vieno.siulo\" \/>\n<meta property=\"article:modified_time\" content=\"2025-04-01T16:21:50+00:00\" \/>\n<meta name=\"twitter:card\" content=\"summary_large_image\" \/>\n<script type=\"application\/ld+json\" class=\"yoast-schema-graph\">{\"@context\":\"https:\\\/\\\/schema.org\",\"@graph\":[{\"@type\":\"WebPage\",\"@id\":\"https:\\\/\\\/vienosiulo.lt\\\/en\\\/cart\\\/\",\"url\":\"https:\\\/\\\/vienosiulo.lt\\\/en\\\/cart\\\/\",\"name\":\"Cart | Vieno Si\u016blo\",\"isPartOf\":{\"@id\":\"https:\\\/\\\/vienosiulo.lt\\\/en\\\/#website\"},\"datePublished\":\"2021-04-27T14:22:26+00:00\",\"dateModified\":\"2025-04-01T16:21:50+00:00\",\"breadcrumb\":{\"@id\":\"https:\\\/\\\/vienosiulo.lt\\\/en\\\/cart\\\/#breadcrumb\"},\"inLanguage\":\"en-US\",\"potentialAction\":[{\"@type\":\"ReadAction\",\"target\":[\"https:\\\/\\\/vienosiulo.lt\\\/en\\\/cart\\\/\"]}]},{\"@type\":\"BreadcrumbList\",\"@id\":\"https:\\\/\\\/vienosiulo.lt\\\/en\\\/cart\\\/#breadcrumb\",\"itemListElement\":[{\"@type\":\"ListItem\",\"position\":1,\"name\":\"Pagrindinis\",\"item\":\"https:\\\/\\\/vienosiulo.lt\\\/en\\\/\"},{\"@type\":\"ListItem\",\"position\":2,\"name\":\"Cart\"}]},{\"@type\":\"WebSite\",\"@id\":\"https:\\\/\\\/vienosiulo.lt\\\/en\\\/#website\",\"url\":\"https:\\\/\\\/vienosiulo.lt\\\/en\\\/\",\"name\":\"Vieno Si\u016blo\",\"description\":\"Rank\u0173 darbo paveikslai i\u0161 vieno si\u016blo\",\"publisher\":{\"@id\":\"https:\\\/\\\/vienosiulo.lt\\\/en\\\/#organization\"},\"potentialAction\":[{\"@type\":\"SearchAction\",\"target\":{\"@type\":\"EntryPoint\",\"urlTemplate\":\"https:\\\/\\\/vienosiulo.lt\\\/en\\\/?s={search_term_string}\"},\"query-input\":{\"@type\":\"PropertyValueSpecification\",\"valueRequired\":true,\"valueName\":\"search_term_string\"}}],\"inLanguage\":\"en-US\"},{\"@type\":\"Organization\",\"@id\":\"https:\\\/\\\/vienosiulo.lt\\\/en\\\/#organization\",\"name\":\"Vieno Si\u016blo\",\"url\":\"https:\\\/\\\/vienosiulo.lt\\\/en\\\/\",\"logo\":{\"@type\":\"ImageObject\",\"inLanguage\":\"en-US\",\"@id\":\"https:\\\/\\\/vienosiulo.lt\\\/en\\\/#\\\/schema\\\/logo\\\/image\\\/\",\"url\":\"https:\\\/\\\/vienosiulo.lt\\\/wp-content\\\/uploads\\\/2023\\\/02\\\/Asset-1.svg\",\"contentUrl\":\"https:\\\/\\\/vienosiulo.lt\\\/wp-content\\\/uploads\\\/2023\\\/02\\\/Asset-1.svg\",\"caption\":\"Vieno Si\u016blo\"},\"image\":{\"@id\":\"https:\\\/\\\/vienosiulo.lt\\\/en\\\/#\\\/schema\\\/logo\\\/image\\\/\"},\"sameAs\":[\"https:\\\/\\\/facebook.com\\\/vieno.siulo\"]}]}<\/script>\n<!-- \/ Yoast SEO plugin. -->","yoast_head_json":{"title":"Cart | Vieno Si\u016blo","robots":{"index":"index","follow":"follow","max-snippet":"max-snippet:-1","max-image-preview":"max-image-preview:large","max-video-preview":"max-video-preview:-1"},"canonical":"https:\/\/vienosiulo.lt\/en\/cart\/","og_locale":"en_US","og_type":"article","og_title":"Cart | Vieno Si\u016blo","og_url":"https:\/\/vienosiulo.lt\/en\/cart\/","og_site_name":"Vieno Si\u016blo","article_publisher":"https:\/\/facebook.com\/vieno.siulo","article_modified_time":"2025-04-01T16:21:50+00:00","twitter_card":"summary_large_image","schema":{"@context":"https:\/\/schema.org","@graph":[{"@type":"WebPage","@id":"https:\/\/vienosiulo.lt\/en\/cart\/","url":"https:\/\/vienosiulo.lt\/en\/cart\/","name":"Cart | Vieno Si\u016blo","isPartOf":{"@id":"https:\/\/vienosiulo.lt\/en\/#website"},"datePublished":"2021-04-27T14:22:26+00:00","dateModified":"2025-04-01T16:21:50+00:00","breadcrumb":{"@id":"https:\/\/vienosiulo.lt\/en\/cart\/#breadcrumb"},"inLanguage":"en-US","potentialAction":[{"@type":"ReadAction","target":["https:\/\/vienosiulo.lt\/en\/cart\/"]}]},{"@type":"BreadcrumbList","@id":"https:\/\/vienosiulo.lt\/en\/cart\/#breadcrumb","itemListElement":[{"@type":"ListItem","position":1,"name":"Pagrindinis","item":"https:\/\/vienosiulo.lt\/en\/"},{"@type":"ListItem","position":2,"name":"Cart"}]},{"@type":"WebSite","@id":"https:\/\/vienosiulo.lt\/en\/#website","url":"https:\/\/vienosiulo.lt\/en\/","name":"Vieno Si\u016blo","description":"Rank\u0173 darbo paveikslai i\u0161 vieno si\u016blo","publisher":{"@id":"https:\/\/vienosiulo.lt\/en\/#organization"},"potentialAction":[{"@type":"SearchAction","target":{"@type":"EntryPoint","urlTemplate":"https:\/\/vienosiulo.lt\/en\/?s={search_term_string}"},"query-input":{"@type":"PropertyValueSpecification","valueRequired":true,"valueName":"search_term_string"}}],"inLanguage":"en-US"},{"@type":"Organization","@id":"https:\/\/vienosiulo.lt\/en\/#organization","name":"Vieno Si\u016blo","url":"https:\/\/vienosiulo.lt\/en\/","logo":{"@type":"ImageObject","inLanguage":"en-US","@id":"https:\/\/vienosiulo.lt\/en\/#\/schema\/logo\/image\/","url":"https:\/\/vienosiulo.lt\/wp-content\/uploads\/2023\/02\/Asset-1.svg","contentUrl":"https:\/\/vienosiulo.lt\/wp-content\/uploads\/2023\/02\/Asset-1.svg","caption":"Vieno Si\u016blo"},"image":{"@id":"https:\/\/vienosiulo.lt\/en\/#\/schema\/logo\/image\/"},"sameAs":["https:\/\/facebook.com\/vieno.siulo"]}]}},"_links":{"self":[{"href":"https:\/\/vienosiulo.lt\/en\/wp-json\/wp\/v2\/pages\/93576","targetHints":{"allow":["GET"]}}],"collection":[{"href":"https:\/\/vienosiulo.lt\/en\/wp-json\/wp\/v2\/pages"}],"about":[{"href":"https:\/\/vienosiulo.lt\/en\/wp-json\/wp\/v2\/types\/page"}],"author":[{"embeddable":true,"href":"https:\/\/vienosiulo.lt\/en\/wp-json\/wp\/v2\/users\/1"}],"replies":[{"embeddable":true,"href":"https:\/\/vienosiulo.lt\/en\/wp-json\/wp\/v2\/comments?post=93576"}],"version-history":[{"count":0,"href":"https:\/\/vienosiulo.lt\/en\/wp-json\/wp\/v2\/pages\/93576\/revisions"}],"wp:attachment":[{"href":"https:\/\/vienosiulo.lt\/en\/wp-json\/wp\/v2\/media?parent=93576"}],"curies":[{"name":"wp","href":"https:\/\/api.w.org\/{rel}","templated":true}]}}